{"id":7783,"date":"2017-04-26T14:34:51","date_gmt":"2017-04-26T14:34:51","guid":{"rendered":"http:\/\/localhost\/AnteaNTNuevoDiseno\/?page_id=7783"},"modified":"2018-09-19T09:42:50","modified_gmt":"2018-09-19T09:42:50","slug":"politica-de-cookies","status":"publish","type":"page","link":"https:\/\/www.anteanuevastecnologias.com\/en\/politica-de-cookies\/","title":{"rendered":"Pol\u00edtica de cookies"},"content":{"rendered":"<p>[vc_row][vc_column]<div class=\"title-section  style1\">\r\n\t\t<h1 class=\"title\">\r\n\t\t\tPol\u00edtica de cookies\t\t\t\r\n\t\t<\/h1>\t\t\r\n\t\t\r\n\r\n\t<\/div>[\/vc_column][\/vc_row][vc_row][vc_column][vc_column_text]<\/p>\n<div class=\"containerlegales textJustify marginTop50\">\n<h5><strong>Uso de Cookies por la web de Antea Nuevas Tecnolog\u00edas<\/strong><\/h5>\n<p>La web de Antea Nuevas Tecnolog\u00edas utiliza cookies. Las cookies son ficheros enviados a un navegador por medio de un servidor web para registrar las actividades del Usuario en una web o servicios de la web de Antea Nuevas Tecnolog\u00edas (en adelante, los servicios).<\/p>\n<p>Las cookies se usan para facilitar un acceso m\u00e1s r\u00e1pido a los servicios seleccionados, y personalizar los servicios que ofrece la web de Antea Nuevas Tecnolog\u00edas, en base a elecciones y preferencias habituales del usuario, al hacer uso de los servicios.<\/p>\n<p>Las cookies se asocian a un usuario an\u00f3nimo y su ordenador y no recaban datos de car\u00e1cter personal. El usuario puede configurar su navegador para no permitir la instalaci\u00f3n de cookies utilizadas por la web de Antea Nuevas Tecnolog\u00edas, sin que el rechazo de las mismas impida al usuario acceder los servicios, si bien, no permitir la instalaci\u00f3n de cookies, puede hacer bajar la rapidez y calidad de funcionamiento de la p\u00e1gina Web.<\/p>\n<h6><strong>Clasificaci\u00f3n de las cookies en atenci\u00f3n a su duraci\u00f3n:<\/strong><\/h6>\n<ul>\n<li>\u201cCookies de sesi\u00f3n\u201d o \u201cCookies persistentes\u201d: las primeras son eliminadas al cerrar el navegador, mientras que las segundas permanecen en el equipo inform\u00e1tico.<\/li>\n<li>\u201cCookies de primera parte\u201d o \u201cCookies de tercera parte\u201d: en funci\u00f3n de si son servidas por el propio dominio web, o a un tercero.<\/li>\n<\/ul>\n<h6><strong>Clasificaci\u00f3n de las cookies en atenci\u00f3n a su finalidad:<\/strong><\/h6>\n<ul>\n<li>User input cookies o cookies de session: Se emplean para realizar inicios de sesi\u00f3n, carros de la compra etc.<\/li>\n<li>Cookies de autenticaci\u00f3n: Identifican al usuario una vez que realiza log-in en el sistema.<\/li>\n<li>User centric security cookies: Cookies dirigidas a incrementar la seguridad de un servicio solicitado por el usuario, como controlar la seguridad al intentar acceder repetidamente a un sistema de registro.<\/li>\n<li>Multimedia Player session cookies (Flash Cookies): se utilizan para almacenar datos t\u00e9cnicos necesarios para reproducir v\u00eddeo o audio (como podr\u00eda ser la calidad de la imagen, o la velocidad de red).<\/li>\n<li>Load balancing session cookies: estas cookies solo almacenar\u00edan informaci\u00f3n sobre puntos de conexi\u00f3n (cookie de car\u00e1cter t\u00e9cnico).<\/li>\n<li>UI customization cookies: suelen emplearse para personalizar la apariencia de la web (lenguaje, etc).<\/li>\n<li>Social plug-in content sharing cookies: Las redes sociales suelen disponer de \u201cm\u00f3dulos plug-in&#8221; que los titulares de websites pueden integrar en su plataforma para que los usuarios de redes sociales compartan contenidos con sus contactos. Estos plug-ins suelen implicar la instalaci\u00f3n de cookies en los equipos de los usuarios.<\/li>\n<li>Third party advertising: Cookies empleados para redes de anuncios de terceros.<\/li>\n<li>Cookies anal\u00edticas: generan estad\u00edsticas sobre flujo de visitantes, patrones de navegaci\u00f3n, etc.<\/li>\n<\/ul>\n<h6 class=\"h3cookies\"><strong>Tipos, finalidad y funcionamiento de las cookies utilizadas en la web de Antea Nuevas Tecnolog\u00edas<\/strong><\/h6>\n<div class=\"tablaCookies\">\n<table border=\"1\" width=\"957\" cellspacing=\"5px\" cellpadding=\"5px\">\n<tbody>\n<tr class=\"titulosCookies\">\n<td width=\"97\"><strong>Nombre de la cookie<\/strong><\/td>\n<td width=\"66\"><strong>1\u00aa o 3\u00aa Parte<\/strong><\/td>\n<td width=\"520\"><strong>Finalidad<\/strong><\/td>\n<td width=\"82\"><strong>Fecha de <\/strong><br \/>\n<strong>expiraci\u00f3n <\/strong><\/td>\n<td width=\"88\"><strong>\u00bfImplica acceso a datos personales?<\/strong><\/td>\n<td valign=\"top\" width=\"104\">&nbsp;<\/p>\n<p><strong>Tipo de cookie<\/strong><\/td>\n<\/tr>\n<tr>\n<td width=\"97\">_UTMA<\/td>\n<td width=\"66\">3\u00aa Parte (*)<\/td>\n<td width=\"520\">Esta cookie normalmente se almacena en el navegador en la primera visita a nuestro sitio web. Si la cookie ha sido borrada a trav\u00e9s del navegador y posteriormente vuelve a visitar nuestro sitio web, una nueva cookie del tipo _utma se escribe con un ID \u00fanico diferente. Esta cookie se utiliza para determinar visitantes \u00fanicos a nuestro sitio web y se actualiza con cada vista de p\u00e1gina.<br \/>\nAdicionalmente, esta cookie proporciona un identificador \u00fanico que Google Analytics utiliza para asegurar la validez y la accesibilidad de la cookie.<\/td>\n<td width=\"82\">Dos a\u00f1os desde la instalaci\u00f3n<\/td>\n<td width=\"88\">No<\/td>\n<td width=\"104\">Anal\u00edtica<\/td>\n<\/tr>\n<tr>\n<td width=\"97\">_UTMB<br \/>\n_UTMC<\/td>\n<td width=\"66\">3\u00aa Parte<\/td>\n<td width=\"520\">Estas cookies trabajan juntas para almacenar informaci\u00f3n sobre la actividad de la visita a nuestro sitio web y principalmente la duraci\u00f3n de \u00e9sta.<\/td>\n<td width=\"82\">30 minutos<\/td>\n<td width=\"88\">No<\/td>\n<td width=\"104\">Anal\u00edtica<\/td>\n<\/tr>\n<tr>\n<td width=\"97\">_UTMZ<\/td>\n<td width=\"66\">3\u00aa Parte<\/td>\n<td width=\"520\">Esta cookie almacena c\u00f3mo ha llegado el visitante a nuestro sitio web, ya sea directamente introduciendo la direcci\u00f3n del dominio, un enlace, una b\u00fasqueda web o un anuncio. La cookie se actualiza cada vez que visita nuestra web.<\/td>\n<td valign=\"top\" width=\"82\">Seis meses<\/td>\n<td width=\"88\">No<\/td>\n<td width=\"104\">Anal\u00edtica<\/td>\n<\/tr>\n<tr>\n<td width=\"97\">PHPSESSID<\/td>\n<td width=\"66\">1\u00aa Parte<\/td>\n<td width=\"520\">Cookie de sesi\u00f3n que permite el correcto funcionamiento de la aplicaci\u00f3n durante la visita del usuario. Expira cada vez que la sesi\u00f3n termina<\/td>\n<td width=\"82\">Sesi\u00f3n<\/td>\n<td width=\"88\">No<\/td>\n<td width=\"104\">Sesi\u00f3n<\/td>\n<\/tr>\n<tr>\n<td width=\"97\">_UTMV<\/td>\n<td width=\"66\">3\u00aa Parte<\/td>\n<td width=\"520\"><strong><em>cookie<\/em><\/strong><strong> de variable de usuario<\/strong><br \/>\nEs una <em>cookie<\/em> opcional, solo se usa cuando a partir de los datos obtenidos de registro se quieren segmentar posteriormente datos demogr\u00e1ficos como el sexo o la edad de los visitantes. La informaci\u00f3n se obtiene a trav\u00e9s de la<em> _setVar ()<\/em> del c\u00f3digo de Google Analytics.<\/td>\n<td width=\"82\"><strong>2 a\u00f1os<\/strong> de la \u00faltima actualizaci\u00f3n<\/td>\n<td width=\"88\">No<\/td>\n<td width=\"104\">Anal\u00edtica<\/td>\n<\/tr>\n<tr>\n<td width=\"97\">_GA<\/td>\n<td width=\"66\">3\u00aa Parte<\/td>\n<td width=\"520\">Esta cookie est\u00e1 asociada con Google Universal Analytics \u2013 que es una actualizaci\u00f3n significativa de Google&#8217;s Analytics. Este nuevo servicio reduce considerablemente la dependencia de las cookies en general, solamente instala \u00e9sta, aunque Google tambi\u00e9n indica que los datos pueden ser recogidos sin poner ninguna cookie. Esta cookie se usa para distinguir a usuarios \u00fanicos al asignarle como identificador un n\u00famero generado aleatoriamente. Se incluye en cada p\u00e1gina solicitada en un sitio web y utilizado para calcular datos de visitante, sesi\u00f3n y datos de campa\u00f1a para los informes de an\u00e1lisis de sitio web.<br \/>\nEl prop\u00f3sito principal de esta cookie es: <strong>Rendimiento<\/strong><\/td>\n<td width=\"82\"><strong>2 a\u00f1os<\/strong> de la \u00faltima actualizaci\u00f3n. Puede ser cambiado por el titular del sitio web.<\/td>\n<td width=\"88\">No<\/td>\n<td width=\"104\">Anal\u00edtica<\/td>\n<\/tr>\n<tr>\n<td width=\"97\">_GAT<\/td>\n<td width=\"66\">3\u00aa Parte<\/td>\n<td width=\"520\">Se usa para diferenciar entre los diferentes objetos de seguimiento creados en la sesi\u00f3n. La cookie se crea al cargar la librer\u00eda javascript y no existe una versi\u00f3n previa de la cookie _gat. La cookie se actualiza cada vez que envia los datos a Google Analytics.<\/td>\n<td width=\"82\"><strong>10 minutos<\/strong> de la creaci\u00f3n o \u00faltima actualizaci\u00f3n.Puede ser cambiado por el titular del sitio web.<\/td>\n<td width=\"88\">No<\/td>\n<td width=\"104\">Anal\u00edtica<\/td>\n<\/tr>\n<\/tbody>\n<\/table>\n<\/div>\n<h6><strong>C\u00f3mo deshabilitar las cookies en los principales navegadores<\/strong><\/h6>\n<p>Pueden bloquearse o deshabilitarse con las herramientas de configuraci\u00f3n de su navegador. El navegador le permite rechazar la instalaci\u00f3n de todas las cookies, o bien elegir rechazar solo alguna de ellas.<\/p>\n<p>Le indicamos los enlaces a las herramientas de los principales navegadores, en las que poder informarse sobre c\u00f3mo deshabilitar las cookies.<\/p>\n<h6><strong>Google Chrome<\/strong><\/h6>\n<ul>\n<li style=\"list-style-type: none;\">\n<ul>\n<li><a href=\"https:\/\/support.google.com\/chrome\/answer\/95647?hl=es&amp;hlrm=en\">https:\/\/support.google.com\/chrome\/answer\/95647?hl=es&amp;hlrm=en<\/a><\/li>\n<\/ul>\n<\/li>\n<\/ul>\n<h6><strong>Mozilla Firefox<\/strong><\/h6>\n<ul>\n<li style=\"list-style-type: none;\">\n<ul>\n<li><a href=\"http:\/\/support.mozilla.org\/es\/kb\/cookies-informacion-que-los-sitios-web-guardan-en-?redirectlocale=en-US&amp;redirectslug=Cookies\">http:\/\/support.mozilla.org\/es\/kb\/cookies-informacion-que-los-sitios-web-guardan-en-?redirectlocale=en-US&amp;redirectslug=Cookies<\/a><\/li>\n<\/ul>\n<\/li>\n<\/ul>\n<h6><strong>Apple Safari<\/strong><\/h6>\n<ul>\n<li style=\"list-style-type: none;\">\n<ul>\n<li><a href=\"http:\/\/support.apple.com\/kb\/PH5042?viewlocale=es_EShttp:\/\/support.apple.com\/kb\/HT1677?viewlocale=es_ES\">http:\/\/support.apple.com\/kb\/PH5042?viewlocale=es_EShttp:\/\/support.apple.com\/kb\/HT1677?viewlocale=es_ES<\/a><\/li>\n<\/ul>\n<\/li>\n<\/ul>\n<h6><strong>Internet Explorer<\/strong><\/h6>\n<ul>\n<li>Versi\u00f3n 5<br \/>\n<a href=\"http:\/\/support.microsoft.com\/kb\/196955\/es\">http:\/\/support.microsoft.com\/kb\/196955\/es<\/a><\/li>\n<li>Versi\u00f3n 6<br \/>\n<a href=\"http:\/\/support.microsoft.com\/kb\/283185\/es\">http:\/\/support.microsoft.com\/kb\/283185\/es<\/a><\/li>\n<li>Versiones 7 y 8<br \/>\n<a href=\"http:\/\/windows.microsoft.com\/es-ES\/windows-vista\/Block-or-allow-cookies\">http:\/\/windows.microsoft.com\/es-ES\/windows-vista\/Block-or-allow-cookies<\/a><\/li>\n<li>Versi\u00f3n 9<br \/>\n<a href=\"http:\/\/windows.microsoft.com\/es-ES\/windows7\/How-to-manage-cookies-in-Internet-Explorer-9\">http:\/\/windows.microsoft.com\/es-ES\/windows7\/How-to-manage-cookies-in-Internet-Explorer-9<\/a><\/li>\n<li>Versi\u00f3n 10 y posteriores<br \/>\n<a href=\"http:\/\/windows.microsoft.com\/es-xl\/internet-explorer\/delete-manage-cookies\">http:\/\/windows.microsoft.com\/es-xl\/internet-explorer\/delete-manage-cookies<\/a><\/li>\n<\/ul>\n<h6><strong>Qu\u00e9 ocurre si se deshabilitan las cookies<\/strong><\/h6>\n<p>Si rechaza las cookies podr\u00e1 seguir usando nuestro sitio web, pero es posible que algunos de los servicios y\/o enlaces dejen de funcionar, y no podremos obtener de usted informaci\u00f3n muy valiosa para ofrecerle contenidos acordes a sus intereses y para que Ud. pueda acceder m\u00e1s f\u00e1cil y r\u00e1pidamente a la informaci\u00f3n de su inter\u00e9s.<\/p>\n<h6><strong>Cambios en la pol\u00edtica de cookies<\/strong><\/h6>\n<p>La web de Antea Nuevas Tecnolog\u00edas pueden modificar esta pol\u00edtica de cookies, bien por incorporar cookies nuevas por necesidad de nuevos contenidos que se puedan ofrecer, o bien en funci\u00f3n de exigencias legislativas, reglamentarias, que hagan necesario el cambio de la misma, por ello se aconseja a los Usuarios que la visiten antes de comenzar la navegaci\u00f3n por la web, y cada que la visiten de nuevo.<\/p>\n<\/div>\n<p>[\/vc_column_text][\/vc_column][\/vc_row]<\/p>\n","protected":false},"excerpt":{"rendered":"<p>[vc_row][vc_column][\/vc_column][\/vc_row][vc_row][vc_column][vc_column_text] Uso de Cookies por la web de Antea Nuevas Tecnolog\u00edas La web de Antea Nuevas Tecnolog\u00edas utiliza cookies. Las cookies son ficheros enviados a un navegador por medio de [&hellip;]<\/p>\n","protected":false},"author":1,"featured_media":0,"parent":0,"menu_order":0,"comment_status":"closed","ping_status":"closed","template":"tpl\/page_fullwidth.php","meta":{"footnotes":""},"class_list":["post-7783","page","type-page","status-publish","hentry"],"_links":{"self":[{"href":"https:\/\/www.anteanuevastecnologias.com\/en\/wp-json\/wp\/v2\/pages\/7783","targetHints":{"allow":["GET"]}}],"collection":[{"href":"https:\/\/www.anteanuevastecnologias.com\/en\/wp-json\/wp\/v2\/pages"}],"about":[{"href":"https:\/\/www.anteanuevastecnologias.com\/en\/wp-json\/wp\/v2\/types\/page"}],"author":[{"embeddable":true,"href":"https:\/\/www.anteanuevastecnologias.com\/en\/wp-json\/wp\/v2\/users\/1"}],"replies":[{"embeddable":true,"href":"https:\/\/www.anteanuevastecnologias.com\/en\/wp-json\/wp\/v2\/comments?post=7783"}],"version-history":[{"count":8,"href":"https:\/\/www.anteanuevastecnologias.com\/en\/wp-json\/wp\/v2\/pages\/7783\/revisions"}],"predecessor-version":[{"id":8807,"href":"https:\/\/www.anteanuevastecnologias.com\/en\/wp-json\/wp\/v2\/pages\/7783\/revisions\/8807"}],"wp:attachment":[{"href":"https:\/\/www.anteanuevastecnologias.com\/en\/wp-json\/wp\/v2\/media?parent=7783"}],"curies":[{"name":"wp","href":"https:\/\/api.w.org\/{rel}","templated":true}]}}