{"id":7536,"date":"2017-02-10T12:23:54","date_gmt":"2017-02-10T12:23:54","guid":{"rendered":"http:\/\/www.anteanuevastecnologias.com\/AnteaNTPruebas\/?page_id=7536"},"modified":"2019-07-23T11:22:17","modified_gmt":"2019-07-23T11:22:17","slug":"servicio-de-prevencion-propio","status":"publish","type":"page","link":"https:\/\/www.anteanuevastecnologias.com\/en\/que-ofrecemos\/servicio-de-prevencion-propio\/","title":{"rendered":"Servicio de prevenci\u00f3n propio"},"content":{"rendered":"<p>[vc_row][vc_column][vc_empty_space height=&#8221;22px&#8221;][vc_column_text]<\/p>\n<div class=\"box-submenu-programas\">\n<nav>\n<ul>\n<li><a href=\"\/que-ofrecemos\/antea-laboral\/\"><span class=\"box-img-submenu\"><img decoding=\"async\" src=\"\/wp-content\/themes\/consultant\/images\/icono-laboral.png\" \/><\/span><span class=\"sub-menu-text\">Laboral<\/span><\/a><\/li>\n<li><a href=\"\/que-ofrecemos\/antea-fiscal\"><span class=\"box-img-submenu\"><img decoding=\"async\" src=\"\/wp-content\/themes\/consultant\/images\/icono-fiscal.png\" \/><\/span><span class=\"sub-menu-text\">Fiscal<\/span><\/a><\/li>\n<li><a href=\"\/que-ofrecemos\/antea-contable\"><span class=\"box-img-submenu\"><img decoding=\"async\" src=\"\/wp-content\/themes\/consultant\/images\/icono-contable.png\" \/><\/span><span class=\"sub-menu-text\">Contable<\/span><\/a><\/li>\n<li><a href=\"\/que-ofrecemos\/antea-facturacion\"><span class=\"box-img-submenu\"><img decoding=\"async\" src=\"\/wp-content\/themes\/consultant\/images\/icono-facturacion.png\" \/><\/span><span class=\"sub-menu-text\">Facturaci\u00f3n<\/span><\/a><\/li>\n<li><a href=\"http:\/\/www.anteacae.com\"><span class=\"box-img-submenu\"><img decoding=\"async\" src=\"\/wp-content\/themes\/consultant\/images\/icono-cae.png\" \/><\/span><span class=\"sub-menu-text\">CAE<\/span><\/a><\/li>\n<li><a href=\"\/que-ofrecemos\/servicio-de-prevencion-propio\"><span class=\"box-img-submenu\"><img decoding=\"async\" src=\"\/wp-content\/themes\/consultant\/images\/icono-spp.png\" \/><\/span><span class=\"sub-menu-text\">SPP<\/span><\/a><\/li>\n<li><a href=\"\/que-ofrecemos\/medidor-de-calidad\/\"><span class=\"box-img-submenu\"><img decoding=\"async\" src=\"\/wp-content\/uploads\/2016\/08\/icono-medidor.png\" \/><\/span><span class=\"sub-menu-text\">Medidor de Calidad<\/span><\/a><\/li>\n<li><a href=\"\/que-ofrecemos\/antea-checkin-registro-horario\/\"><span class=\"box-img-submenu\"><img decoding=\"async\" src=\"\/wp-content\/uploads\/2019\/07\/anteacheckin.png\" \/><\/span><span class=\"sub-menu-text\">Registro Horario<\/span><\/a><\/li>\n<\/ul>\n<\/nav>\n<\/div>\n<p>[\/vc_column_text][\/vc_column][\/vc_row][vc_row][vc_column width=&#8221;1\/3&#8243;][\/vc_column][vc_column width=&#8221;1\/3&#8243;][vc_column_text]<\/p>\n<h1><span style=\"font-size: 16px;\"> <img loading=\"lazy\" decoding=\"async\" class=\"alignnone size-full wp-image-7428\" src=\"http:\/\/www.anteanuevastecnologias.com\/wp-content\/uploads\/2016\/08\/icono-spp.png\" alt=\"\" width=\"72\" height=\"72\" \/>\u00a0Servicio de Prevenci\u00f3n Propio<\/span><\/h1>\n<p>[\/vc_column_text][\/vc_column][vc_column width=&#8221;1\/3&#8243;][\/vc_column][\/vc_row][vc_row][vc_column width=&#8221;1\/3&#8243; el_class=&#8221;box-up2&#8243;][vc_single_image image=&#8221;7537&#8243; img_size=&#8221;full&#8221; alignment=&#8221;center&#8221;][vc_raw_html]JTNDZGl2JTIwY2xhc3MlM0QlMjJib3gtcGFyZW50LWJ1dHRvbnMlMjBiaWclMjIlM0UlMEElM0NwJTNFJTNDc3BhbiUzRTYuMDAwJUUyJTgyJUFDJTNDJTJGc3BhbiUzRSUzQ3NwYW4lMjBjbGFzcyUzRCUyMnNwYW5QcmVjaW9NZW5zdWFsJTIyJTNFLTIwJTI1JTIwZGUlMjBkZXNjdWVudG8lMjBoYXN0YSUyMGVsJTIwMzElMjBkZSUyME1hcnpvJTNDJTJGc3BhbiUzRSUzQ2JyJTNFJTI4UHJlY2lvJTIwYWRxdWlzaWNpJUMzJUIzbiUyQyUyMG1hbnRlbmltaWVudG8lMjBubyUyMGluY2x1aWRvJTI5JTNDJTJGcCUzRSUwQSUzQ2ElMjBjbGFzcyUzRCUyMnRleHQtdmVyLXByZWNpb3MlMjBzcHAlMjIlMjBocmVmJTNEJTIyJTJGc29saWNpdGFyLWRlbW8tc3BwJTJGJTIyJTNFJTNDc3BhbiUzRVNvbGljaXRhciUyMGRlbW8lM0MlMkZzcGFuJTNFJTNDc3BhbiUzRTMwJTIwZCVDMyVBRGFzJTIwZ3JhdGlzJTNDJTJGc3BhbiUzRSUzQyUyRmElM0UlMEElM0MlMkZkaXYlM0U=[\/vc_raw_html][\/vc_column][vc_column width=&#8221;1\/3&#8243;][vc_column_text]<span style=\"font-size: 16px;\"><em><strong>Caracter\u00edsticas<\/strong><\/em><\/span>[\/vc_column_text][vc_column_text]<span style=\"font-size: 17px;\"><img loading=\"lazy\" decoding=\"async\" class=\"alignnone size-full wp-image-7583\" src=\"http:\/\/www.anteanuevastecnologias.com\/wp-content\/uploads\/2017\/02\/1487005896_Ok.png\" alt=\"\" width=\"24\" height=\"24\" \/>\u00a0 Configuraci\u00f3n de datos de Prevenci\u00f3n seg\u00fan sus necesidades, como usuario y accesos, control del equipamiento y material t\u00e9cnico utilizado y configuraci\u00f3n de responsables de \u00e1reas por cada centro.<\/span><\/p>\n<p><span style=\"font-size: 17px;\"><img loading=\"lazy\" decoding=\"async\" class=\"alignnone size-full wp-image-7583\" src=\"http:\/\/www.anteanuevastecnologias.com\/wp-content\/uploads\/2017\/02\/1487005896_Ok.png\" alt=\"\" width=\"24\" height=\"24\" \/>\u00a0 Gestiona la Prevenci\u00f3n de manera f\u00e1cil y precisa, control de trabajadores, actuaciones planificadas y\/o realizadas, y gesti\u00f3n \u00edntegra de formaci\u00f3n (creando agenda propia, registrando cursos, creando diplomas&#8230;)<\/span>[\/vc_column_text][\/vc_column][vc_column width=&#8221;1\/3&#8243;][vc_empty_space height=&#8221;52px&#8221;][vc_column_text]<span style=\"font-size: 17px;\"><img loading=\"lazy\" decoding=\"async\" class=\"alignnone size-full wp-image-7583\" src=\"http:\/\/www.anteanuevastecnologias.com\/wp-content\/uploads\/2017\/02\/1487005896_Ok.png\" alt=\"\" width=\"24\" height=\"24\" \/>\u00a0 Evaluaciones con mayor criterio y mejor compresi\u00f3n para todos, con el m\u00e9todo del Instituto Nacional de Seguridad e Higiene en el Trabajo.<\/span><\/p>\n<p><span style=\"font-size: 17px;\"><img loading=\"lazy\" decoding=\"async\" class=\"alignnone size-full wp-image-7583\" src=\"http:\/\/www.anteanuevastecnologias.com\/wp-content\/uploads\/2017\/02\/1487005896_Ok.png\" alt=\"\" width=\"24\" height=\"24\" \/>\u00a0 Gesti\u00f3n documental simple y precisa, generando autom\u00e1ticamente los documentos de trabajadores, documentos de cualquier actuaci\u00f3n generada y extraci\u00f3n de estos en formato PDF para enviar o convertible a otros formatos para posibles modificaciones.<\/span>[\/vc_column_text][\/vc_column][\/vc_row][vc_row][vc_column][vc_column_text el_class=&#8221;title-line&#8221;]<span style=\"font-size: 21px;\"><em><strong>Ventajas<\/strong><\/em><\/span>[\/vc_column_text][vc_separator color=&#8221;custom&#8221; border_width=&#8221;2&#8243; accent_color=&#8221;#00c4b4&#8243;][\/vc_column][\/vc_row][vc_row][vc_column width=&#8221;1\/2&#8243;]<div class=\"iconbox box-icon-new left \">\r\n\t\t<div class=\"box-header\">\r\n\t\t\t<div class=\"box-icon\"><img decoding=\"async\" src=\"https:\/\/www.anteanuevastecnologias.com\/wp-content\/uploads\/2017\/02\/flexibilidad.png\" alt=\"Flexibilidad\" \/><\/div>\r\n\t\t\t<h2 class=\"box-title\">Flexibilidad<\/h2>\r\n\t\t\t\r\n\t\t<\/div>\r\n\t\t<div class=\"box-content\">\r\n\t\t\tEs posible adaptar el entorno pr\u00e1cticamente a cualquier necesidad actual o futura. Igualmente puede ser adaptado a las necesidades el contenido de los documentos generados.\r\n\t\t\t\r\n\t\t<\/div>\r\n\t<\/div>[vc_empty_space height=&#8221;20px&#8221;]<div class=\"iconbox box-icon-new left \">\r\n\t\t<div class=\"box-header\">\r\n\t\t\t<div class=\"box-icon\"><img decoding=\"async\" src=\"https:\/\/www.anteanuevastecnologias.com\/wp-content\/uploads\/2017\/02\/gestion-1.png\" alt=\"Gesti\u00f3n eficiente de los documentos\" \/><\/div>\r\n\t\t\t<h2 class=\"box-title\">Gesti\u00f3n eficiente de los documentos<\/h2>\r\n\t\t\t\r\n\t\t<\/div>\r\n\t\t<div class=\"box-content\">\r\n\t\t\tTodos los documentos pueden ser archivados, impresos o convertidos a formato PDF y texto editable desde la misma aplicaci\u00f3n, sin necesidad de contar con otros medios para cubrir estas necesidades.\r\n\t\t\t\r\n\t\t<\/div>\r\n\t<\/div>[vc_empty_space height=&#8221;20px&#8221;]<div class=\"iconbox box-icon-new left \">\r\n\t\t<div class=\"box-header\">\r\n\t\t\t<div class=\"box-icon\"><img decoding=\"async\" src=\"https:\/\/www.anteanuevastecnologias.com\/wp-content\/uploads\/2017\/02\/integracion-4.png\" alt=\"Integraci\u00f3n total con Antea\" \/><\/div>\r\n\t\t\t<h2 class=\"box-title\">Integraci\u00f3n total con Antea<\/h2>\r\n\t\t\t\r\n\t\t<\/div>\r\n\t\t<div class=\"box-content\">\r\n\t\t\tConexi\u00f3n directa con las especialidades contratadas de ANTEA, con volcado de datos de las actuaciones realizadas en el momento de su finalizaci\u00f3n.\r\n\t\t\t\r\n\t\t<\/div>\r\n\t<\/div>[vc_empty_space height=&#8221;20px&#8221;][\/vc_column][vc_column width=&#8221;1\/2&#8243;]<div class=\"iconbox box-icon-new left \">\r\n\t\t<div class=\"box-header\">\r\n\t\t\t<div class=\"box-icon\"><img decoding=\"async\" src=\"https:\/\/www.anteanuevastecnologias.com\/wp-content\/uploads\/2017\/02\/asesoramiento.png\" alt=\"Asesoramiento t\u00e9cnico altamente cualificado\" \/><\/div>\r\n\t\t\t<h2 class=\"box-title\">Asesoramiento t\u00e9cnico altamente cualificado<\/h2>\r\n\t\t\t\r\n\t\t<\/div>\r\n\t\t<div class=\"box-content\">\r\n\t\t\tDisponemos de un equipo t\u00e9cnico altamente cualificado con muchos a\u00f1os de experiencia en cualquier sector productivo.\r\n\t\t\t\r\n\t\t<\/div>\r\n\t<\/div>[vc_empty_space height=&#8221;60px&#8221;]<div class=\"iconbox box-icon-new left \">\r\n\t\t<div class=\"box-header\">\r\n\t\t\t<div class=\"box-icon\"><img decoding=\"async\" src=\"https:\/\/www.anteanuevastecnologias.com\/wp-content\/uploads\/2017\/02\/trabaja.png\" alt=\"Trabaja desde cualquier lugar\" \/><\/div>\r\n\t\t\t<h2 class=\"box-title\">Trabaja desde cualquier lugar<\/h2>\r\n\t\t\t\r\n\t\t<\/div>\r\n\t\t<div class=\"box-content\">\r\n\t\t\tPuedes trabajar desde cualquier lugar con conexi\u00f3n a Internet mediante el escritorio remoto de la aplicaci\u00f3n.\r\n\t\t\t\r\n\t\t<\/div>\r\n\t<\/div>[vc_empty_space height=&#8221;20px&#8221;]<div class=\"iconbox box-icon-new left \">\r\n\t\t<div class=\"box-header\">\r\n\t\t\t<div class=\"box-icon\"><img decoding=\"async\" src=\"https:\/\/www.anteanuevastecnologias.com\/wp-content\/uploads\/2017\/02\/importacion-2.png\" alt=\"Importaci\u00f3n de datos\" \/><\/div>\r\n\t\t\t<h2 class=\"box-title\">Importaci\u00f3n de datos<\/h2>\r\n\t\t\t\r\n\t\t<\/div>\r\n\t\t<div class=\"box-content\">\r\n\t\t\tSe puede estudiar el volcado de manera parcial o total los datos necesarios para comenzar el uso de la aplicaci\u00f3n de manera inmediata.\r\n\t\t\t\r\n\t\t<\/div>\r\n\t<\/div>[vc_empty_space height=&#8221;20px&#8221;][\/vc_column][\/vc_row][vc_row][vc_column width=&#8221;1\/3&#8243;][vc_single_image image=&#8221;7537&#8243; img_size=&#8221;full&#8221; alignment=&#8221;center&#8221;][\/vc_column][vc_column width=&#8221;2\/3&#8243;][vc_cta h2=&#8221;Solicita informaci\u00f3n &#8221; h4=&#8221;Nos pondremos en contacto con usted.&#8221; txt_align=&#8221;center&#8221; color=&#8221;black&#8221;]\n<div class=\"wpcf7 no-js\" id=\"wpcf7-f7690-o1\" lang=\"es-ES\" dir=\"ltr\" data-wpcf7-id=\"7690\">\n<div class=\"screen-reader-response\"><p role=\"status\" aria-live=\"polite\" aria-atomic=\"true\"><\/p> <ul><\/ul><\/div>\n<form action=\"\/en\/wp-json\/wp\/v2\/pages\/7536#wpcf7-f7690-o1\" method=\"post\" class=\"wpcf7-form init\" aria-label=\"Formulario de contacto\" novalidate=\"novalidate\" data-status=\"init\">\n<fieldset class=\"hidden-fields-container\"><input type=\"hidden\" name=\"_wpcf7\" value=\"7690\" \/><input type=\"hidden\" name=\"_wpcf7_version\" value=\"6.1.3\" \/><input type=\"hidden\" name=\"_wpcf7_locale\" value=\"es_ES\" \/><input type=\"hidden\" name=\"_wpcf7_unit_tag\" value=\"wpcf7-f7690-o1\" \/><input type=\"hidden\" name=\"_wpcf7_container_post\" value=\"0\" \/><input type=\"hidden\" name=\"_wpcf7_posted_data_hash\" value=\"\" \/><input type=\"hidden\" name=\"_wpcf7dtx_version\" value=\"5.0.3\" \/>\n<\/fieldset>\n<p><label> Nombre*<br \/>\n<span class=\"wpcf7-form-control-wrap\" data-name=\"your-name\"><input size=\"40\" maxlength=\"400\" class=\"wpcf7-form-control wpcf7-text wpcf7-validates-as-required\" aria-required=\"true\" aria-invalid=\"false\" value=\"\" type=\"text\" name=\"your-name\" \/><\/span> <\/label><br \/>\n<label> Tel\u00e9fono *<br \/>\n<span class=\"wpcf7-form-control-wrap\" data-name=\"tel-809\"><input size=\"40\" maxlength=\"400\" class=\"wpcf7-form-control wpcf7-tel wpcf7-validates-as-required wpcf7-text wpcf7-validates-as-tel\" aria-required=\"true\" aria-invalid=\"false\" value=\"\" type=\"tel\" name=\"tel-809\" \/><\/span><\/label>\n<\/p>\n<p><label> Tu correo electr\u00f3nico *<br \/>\n<span class=\"wpcf7-form-control-wrap\" data-name=\"your-email\"><input size=\"40\" maxlength=\"400\" class=\"wpcf7-form-control wpcf7-email wpcf7-validates-as-required wpcf7-text wpcf7-validates-as-email\" aria-required=\"true\" aria-invalid=\"false\" value=\"\" type=\"email\" name=\"your-email\" \/><\/span> <\/label>\n<\/p>\n<p><label> Mensaje<br \/>\n<span class=\"wpcf7-form-control-wrap\" data-name=\"your-message\"><textarea cols=\"40\" rows=\"10\" maxlength=\"2000\" class=\"wpcf7-form-control wpcf7-textarea\" aria-invalid=\"false\" name=\"your-message\"><\/textarea><\/span> <\/label>\n<\/p>\n<p><input class=\"wpcf7-form-control wpcf7-submit has-spinner\" type=\"submit\" value=\"Enviar\" \/>\n<\/p><p style=\"display: none !important;\" class=\"akismet-fields-container\" data-prefix=\"_wpcf7_ak_\"><label>&#916;<textarea name=\"_wpcf7_ak_hp_textarea\" cols=\"45\" rows=\"8\" maxlength=\"100\"><\/textarea><\/label><input type=\"hidden\" id=\"ak_js_1\" name=\"_wpcf7_ak_js\" value=\"148\"\/><script>document.getElementById( \"ak_js_1\" ).setAttribute( \"value\", ( new Date() ).getTime() );<\/script><\/p><div class=\"wpcf7-response-output\" aria-hidden=\"true\"><\/div>\n<\/form>\n<\/div>\n[\/vc_cta][\/vc_column][\/vc_row]<\/p>\n","protected":false},"excerpt":{"rendered":"<p>[vc_row][vc_column][vc_empty_space height=&#8221;22px&#8221;][vc_column_text] Laboral Fiscal Contable Facturaci\u00f3n CAE SPP Medidor de Calidad Registro Horario [\/vc_column_text][\/vc_column][\/vc_row][vc_row][vc_column width=&#8221;1\/3&#8243;][\/vc_column][vc_column width=&#8221;1\/3&#8243;][vc_column_text] \u00a0Servicio de Prevenci\u00f3n Propio [\/vc_column_text][\/vc_column][vc_column width=&#8221;1\/3&#8243;][\/vc_column][\/vc_row][vc_row][vc_column width=&#8221;1\/3&#8243; el_class=&#8221;box-up2&#8243;][vc_single_image image=&#8221;7537&#8243; img_size=&#8221;full&#8221; alignment=&#8221;center&#8221;][vc_raw_html]JTNDZGl2JTIwY2xhc3MlM0QlMjJib3gtcGFyZW50LWJ1dHRvbnMlMjBiaWclMjIlM0UlMEElM0NwJTNFJTNDc3BhbiUzRTYuMDAwJUUyJTgyJUFDJTNDJTJGc3BhbiUzRSUzQ3NwYW4lMjBjbGFzcyUzRCUyMnNwYW5QcmVjaW9NZW5zdWFsJTIyJTNFLTIwJTI1JTIwZGUlMjBkZXNjdWVudG8lMjBoYXN0YSUyMGVsJTIwMzElMjBkZSUyME1hcnpvJTNDJTJGc3BhbiUzRSUzQ2JyJTNFJTI4UHJlY2lvJTIwYWRxdWlzaWNpJUMzJUIzbiUyQyUyMG1hbnRlbmltaWVudG8lMjBubyUyMGluY2x1aWRvJTI5JTNDJTJGcCUzRSUwQSUzQ2ElMjBjbGFzcyUzRCUyMnRleHQtdmVyLXByZWNpb3MlMjBzcHAlMjIlMjBocmVmJTNEJTIyJTJGc29saWNpdGFyLWRlbW8tc3BwJTJGJTIyJTNFJTNDc3BhbiUzRVNvbGljaXRhciUyMGRlbW8lM0MlMkZzcGFuJTNFJTNDc3BhbiUzRTMwJTIwZCVDMyVBRGFzJTIwZ3JhdGlzJTNDJTJGc3BhbiUzRSUzQyUyRmElM0UlMEElM0MlMkZkaXYlM0U=[\/vc_raw_html][\/vc_column][vc_column width=&#8221;1\/3&#8243;][vc_column_text]Caracter\u00edsticas[\/vc_column_text][vc_column_text]\u00a0 Configuraci\u00f3n de [&hellip;]<\/p>\n","protected":false},"author":1,"featured_media":7537,"parent":7434,"menu_order":0,"comment_status":"closed","ping_status":"closed","template":"tpl\/page_fullwidth.php","meta":{"footnotes":""},"class_list":["post-7536","page","type-page","status-publish","has-post-thumbnail","hentry"],"_links":{"self":[{"href":"https:\/\/www.anteanuevastecnologias.com\/en\/wp-json\/wp\/v2\/pages\/7536","targetHints":{"allow":["GET"]}}],"collection":[{"href":"https:\/\/www.anteanuevastecnologias.com\/en\/wp-json\/wp\/v2\/pages"}],"about":[{"href":"https:\/\/www.anteanuevastecnologias.com\/en\/wp-json\/wp\/v2\/types\/page"}],"author":[{"embeddable":true,"href":"https:\/\/www.anteanuevastecnologias.com\/en\/wp-json\/wp\/v2\/users\/1"}],"replies":[{"embeddable":true,"href":"https:\/\/www.anteanuevastecnologias.com\/en\/wp-json\/wp\/v2\/comments?post=7536"}],"version-history":[{"count":44,"href":"https:\/\/www.anteanuevastecnologias.com\/en\/wp-json\/wp\/v2\/pages\/7536\/revisions"}],"predecessor-version":[{"id":9453,"href":"https:\/\/www.anteanuevastecnologias.com\/en\/wp-json\/wp\/v2\/pages\/7536\/revisions\/9453"}],"up":[{"embeddable":true,"href":"https:\/\/www.anteanuevastecnologias.com\/en\/wp-json\/wp\/v2\/pages\/7434"}],"wp:featuredmedia":[{"embeddable":true,"href":"https:\/\/www.anteanuevastecnologias.com\/en\/wp-json\/wp\/v2\/media\/7537"}],"wp:attachment":[{"href":"https:\/\/www.anteanuevastecnologias.com\/en\/wp-json\/wp\/v2\/media?parent=7536"}],"curies":[{"name":"wp","href":"https:\/\/api.w.org\/{rel}","templated":true}]}}