{"id":7484,"date":"2017-02-10T10:55:11","date_gmt":"2017-02-10T10:55:11","guid":{"rendered":"http:\/\/www.anteanuevastecnologias.com\/AnteaNTPruebas\/?page_id=7484"},"modified":"2019-07-23T11:16:42","modified_gmt":"2019-07-23T11:16:42","slug":"antea-fiscal","status":"publish","type":"page","link":"https:\/\/www.anteanuevastecnologias.com\/en\/que-ofrecemos\/antea-fiscal\/","title":{"rendered":"Antea Fiscal"},"content":{"rendered":"<p>[vc_row][vc_column][vc_empty_space height=&#8221;22px&#8221;][vc_column_text]<\/p>\n<div class=\"box-submenu-programas\">\n<nav>\n<ul>\n<li><a href=\"\/que-ofrecemos\/antea-laboral\/\"><span class=\"box-img-submenu\"><img decoding=\"async\" src=\"\/wp-content\/themes\/consultant\/images\/icono-laboral.png\" \/><\/span><span class=\"sub-menu-text\">Laboral<\/span><\/a><\/li>\n<li><a href=\"\/que-ofrecemos\/antea-fiscal\"><span class=\"box-img-submenu\"><img decoding=\"async\" src=\"\/wp-content\/themes\/consultant\/images\/icono-fiscal.png\" \/><\/span><span class=\"sub-menu-text\">Fiscal<\/span><\/a><\/li>\n<li><a href=\"\/que-ofrecemos\/antea-contable\"><span class=\"box-img-submenu\"><img decoding=\"async\" src=\"\/wp-content\/themes\/consultant\/images\/icono-contable.png\" \/><\/span><span class=\"sub-menu-text\">Contable<\/span><\/a><\/li>\n<li><a href=\"\/que-ofrecemos\/antea-facturacion\"><span class=\"box-img-submenu\"><img decoding=\"async\" src=\"\/wp-content\/themes\/consultant\/images\/icono-facturacion.png\" \/><\/span><span class=\"sub-menu-text\">Facturaci\u00f3n<\/span><\/a><\/li>\n<li><a href=\"http:\/\/www.anteacae.com\"><span class=\"box-img-submenu\"><img decoding=\"async\" src=\"\/wp-content\/themes\/consultant\/images\/icono-cae.png\" \/><\/span><span class=\"sub-menu-text\">CAE<\/span><\/a><\/li>\n<li><a href=\"\/que-ofrecemos\/servicio-de-prevencion-propio\"><span class=\"box-img-submenu\"><img decoding=\"async\" src=\"\/wp-content\/themes\/consultant\/images\/icono-spp.png\" \/><\/span><span class=\"sub-menu-text\">SPP<\/span><\/a><\/li>\n<li><a href=\"\/que-ofrecemos\/medidor-de-calidad\/\"><span class=\"box-img-submenu\"><img decoding=\"async\" src=\"\/wp-content\/uploads\/2016\/08\/icono-medidor.png\" \/><\/span><span class=\"sub-menu-text\">Medidor de Calidad<\/span><\/a><\/li>\n<li><a href=\"\/que-ofrecemos\/antea-checkin-registro-horario\/\"><span class=\"box-img-submenu\"><img decoding=\"async\" src=\"\/wp-content\/uploads\/2019\/07\/anteacheckin.png\" \/><\/span><span class=\"sub-menu-text\">Registro Horario<\/span><\/a><\/li>\n<\/ul>\n<\/nav>\n<\/div>\n<p>[\/vc_column_text][\/vc_column][\/vc_row][vc_row][vc_column width=&#8221;1\/3&#8243;][\/vc_column][vc_column width=&#8221;1\/3&#8243;][vc_column_text]<\/p>\n<h1><img loading=\"lazy\" decoding=\"async\" class=\"alignnone size-full wp-image-7425\" src=\"http:\/\/www.anteanuevastecnologias.com\/wp-content\/uploads\/2016\/08\/icono-fiscal.png\" alt=\"\" width=\"70\" height=\"79\" \/>\u00a0<span style=\"font-size: 23px;\">Antea\u00a0Fiscal<\/span><\/h1>\n<p>[\/vc_column_text][\/vc_column][vc_column width=&#8221;1\/3&#8243;][\/vc_column][\/vc_row][vc_row][vc_column width=&#8221;1\/3&#8243; el_class=&#8221;box-up1&#8243;][vc_single_image image=&#8221;7485&#8243; img_size=&#8221;full&#8221; alignment=&#8221;center&#8221;][vc_raw_html]JTNDZGl2JTIwY2xhc3MlM0QlMjJib3gtcGFyZW50LWJ1dHRvbnMlMjBiaWclMjIlM0UlMEElM0NwJTNFJTNDc3BhbiUzRTQwMCVFMiU4MiVBQyUzQ3NwYW4lMjBzdHlsZSUzRCUyMmZvbnQtc2l6ZSUzQTAuNmVtJTNCJTIyJTNFJTJGYSVDMyVCMW8lM0MlMkZzcGFuJTNFJTNDJTJGc3BhbiUzRSUzQ3NwYW4lMjBjbGFzcyUzRCUyMnNwYW5QcmVjaW9NZW5zdWFsJTIyJTNFLTIwJTI1JTIwZGUlMjBkZXNjdWVudG8lMjBoYXN0YSUyMGVsJTIwMzElMjBkZSUyME1hcnpvJTNDJTJGc3BhbiUzRSUzQyUyRnAlM0UlMEElM0NhJTIwY2xhc3MlM0QlMjJ0ZXh0LXZlci1wcmVjaW9zJTIwZmlzY2FsJTIyJTIwaHJlZiUzRCUyMiUyRmRlc2Nhcmdhci1kZW1vJTIyJTNFJTNDc3BhbiUzRSVDMiVBMVBydSVDMyVBOWJhbG8lMjElM0MlMkZzcGFuJTNFJTNDc3BhbiUzRTMwJTIwZCVDMyVBRGFzJTIwZ3JhdGlzJTNDJTJGc3BhbiUzRSUzQyUyRmElM0UlMEElM0MlMkZkaXYlM0U=[\/vc_raw_html][\/vc_column][vc_column width=&#8221;1\/3&#8243;][vc_column_text]<span style=\"font-size: 16px;\"><em><strong>Caracter\u00edsticas<\/strong><\/em><\/span>[\/vc_column_text][vc_column_text]<span style=\"font-size: 17px;\"><img loading=\"lazy\" decoding=\"async\" class=\"alignnone size-full wp-image-7583\" src=\"http:\/\/www.anteanuevastecnologias.com\/wp-content\/uploads\/2017\/02\/1487005896_Ok.png\" alt=\"\" width=\"24\" height=\"24\" \/> De f\u00e1cil manejo, orientado a la labor del asesor en post de una mejor gesti\u00f3n de tributos.<\/span><\/p>\n<p><span style=\"font-size: 17px;\"><img loading=\"lazy\" decoding=\"async\" class=\"alignnone size-full wp-image-7583\" src=\"http:\/\/www.anteanuevastecnologias.com\/wp-content\/uploads\/2017\/02\/1487005896_Ok.png\" alt=\"\" width=\"24\" height=\"24\" \/> Presentaci\u00f3n de todos los modelos de Agencia Tributaria, de forma individual o por lotes, facilitando el env\u00edo de grande vol\u00famenes de declaraciones.<\/span><\/p>\n<p><span style=\"font-size: 17px;\"><img loading=\"lazy\" decoding=\"async\" class=\"alignnone size-full wp-image-7583\" src=\"http:\/\/www.anteanuevastecnologias.com\/wp-content\/uploads\/2017\/02\/1487005896_Ok.png\" alt=\"\" width=\"24\" height=\"24\" \/> Soporte t\u00e9cnico incluido: Telef\u00f3nico, Correo y Asistencia Remota.<\/span><br \/>\n[\/vc_column_text][\/vc_column][vc_column width=&#8221;1\/3&#8243;][vc_empty_space][vc_column_text]<span style=\"font-size: 17px;\"><img loading=\"lazy\" decoding=\"async\" class=\"alignnone size-full wp-image-7583\" src=\"http:\/\/www.anteanuevastecnologias.com\/wp-content\/uploads\/2017\/02\/1487005896_Ok.png\" alt=\"\" width=\"24\" height=\"24\" \/> Confecci\u00f3n de informes personalizados, obteniendo un resumen de la situaci\u00f3n fiscal de los declarantes.<\/span><\/p>\n<p><span style=\"font-size: 17px;\"><img loading=\"lazy\" decoding=\"async\" class=\"alignnone size-full wp-image-7583\" src=\"http:\/\/www.anteanuevastecnologias.com\/wp-content\/uploads\/2017\/02\/1487005896_Ok.png\" alt=\"\" width=\"24\" height=\"24\" \/> Integraci\u00f3n total, con los programas, Antea Laboral, Antea Contable y Antea Fiscal.<\/span><\/p>\n<p><span style=\"font-size: 17px;\"><img loading=\"lazy\" decoding=\"async\" class=\"alignnone size-full wp-image-7583\" src=\"http:\/\/www.anteanuevastecnologias.com\/wp-content\/uploads\/2017\/02\/1487005896_Ok.png\" alt=\"\" width=\"24\" height=\"24\" \/> Multipuesto, multitarea y multiejercicio.<\/span>[\/vc_column_text][\/vc_column][\/vc_row][vc_row][vc_column][vc_column_text el_class=&#8221;title-line&#8221;]<\/p>\n<h2><span style=\"font-size: 21px;\"><em><strong>Ventajas<\/strong><\/em><\/span><\/h2>\n<p>[\/vc_column_text][vc_separator color=&#8221;custom&#8221; border_width=&#8221;2&#8243; accent_color=&#8221;#8383b4&#8243;][\/vc_column][\/vc_row][vc_row][vc_column width=&#8221;1\/2&#8243;]<div class=\"iconbox box-icon-new left \">\r\n\t\t<div class=\"box-header\">\r\n\t\t\t<div class=\"box-icon\"><img decoding=\"async\" src=\"https:\/\/www.anteanuevastecnologias.com\/wp-content\/uploads\/2017\/02\/presentacion.png\" alt=\"Presentaci\u00f3n de todos los modelos de la Agencia Tributaria\" \/><\/div>\r\n\t\t\t<h2 class=\"box-title\">Presentaci\u00f3n de todos los modelos de la Agencia Tributaria<\/h2>\r\n\t\t\t\r\n\t\t<\/div>\r\n\t\t<div class=\"box-content\">\r\n\t\t\tDe forma individual por cada declarante o por lotes, facilitando as\u00ed el env\u00edo de grandes vol\u00famenes de declaraciones.\r\n\t\t\t\r\n\t\t<\/div>\r\n\t<\/div>[vc_empty_space height=&#8221;50px&#8221;]<div class=\"iconbox box-icon-new left \">\r\n\t\t<div class=\"box-header\">\r\n\t\t\t<div class=\"box-icon\"><img decoding=\"async\" src=\"https:\/\/www.anteanuevastecnologias.com\/wp-content\/uploads\/2017\/02\/solicitud.png\" alt=\"Solicitud de NRC de pagos de impuestos por lotes\" \/><\/div>\r\n\t\t\t<h2 class=\"box-title\">Solicitud de NRC de pagos de impuestos por lotes<\/h2>\r\n\t\t\t\r\n\t\t<\/div>\r\n\t\t<div class=\"box-content\">\r\n\t\t\tDesde la aplicaci\u00f3n se puede solicitar a las entidades bancarias los NRC por lotes para la posterior presentaci\u00f3n de los impuestos del mismo modo.\r\n\t\t\t\r\n\t\t<\/div>\r\n\t<\/div>[vc_empty_space height=&#8221;50px&#8221;]<div class=\"iconbox box-icon-new left \">\r\n\t\t<div class=\"box-header\">\r\n\t\t\t<div class=\"box-icon\"><img decoding=\"async\" src=\"https:\/\/www.anteanuevastecnologias.com\/wp-content\/uploads\/2017\/02\/integracion2.png\" alt=\"Integraci\u00f3n total con Antea Laboral, Facturaci\u00f3n y Contable\" \/><\/div>\r\n\t\t\t<h2 class=\"box-title\">Integraci\u00f3n total con Antea Laboral, Facturaci\u00f3n y Contable<\/h2>\r\n\t\t\t\r\n\t\t<\/div>\r\n\t\t<div class=\"box-content\">\r\n\t\t\tPodremos importar todo lo necesario para elaborar los impuestos de forma r\u00e1pida y c\u00f3moda.\r\n\t\t\t\r\n\t\t<\/div>\r\n\t<\/div>[vc_empty_space height=&#8221;20px&#8221;][\/vc_column][vc_column width=&#8221;1\/2&#8243;]<div class=\"iconbox box-icon-new left \">\r\n\t\t<div class=\"box-header\">\r\n\t\t\t<div class=\"box-icon\"><img decoding=\"async\" src=\"https:\/\/www.anteanuevastecnologias.com\/wp-content\/uploads\/2017\/02\/confeccion.png\" alt=\"Confecci\u00f3n de pr\u00e1cticos informes personalizados de los declarantes\" \/><\/div>\r\n\t\t\t<h2 class=\"box-title\">Confecci\u00f3n de pr\u00e1cticos informes personalizados de los declarantes<\/h2>\r\n\t\t\t\r\n\t\t<\/div>\r\n\t\t<div class=\"box-content\">\r\n\t\t\tObteniendo as\u00ed un resumen de la situaci\u00f3n fiscal de los mismos, detallando si el fichero se ha generado, presentado de forma telem\u00e1tica, en papel e incluyendo los resultados de cada modelo.\r\n\t\t\t\r\n\t\t<\/div>\r\n\t<\/div>[vc_empty_space height=&#8221;20px&#8221;]<div class=\"iconbox box-icon-new left \">\r\n\t\t<div class=\"box-header\">\r\n\t\t\t<div class=\"box-icon\"><img decoding=\"async\" src=\"https:\/\/www.anteanuevastecnologias.com\/wp-content\/uploads\/2017\/02\/archivo.png\" alt=\"Archivo de las declaraciones presentadas por declarante\" \/><\/div>\r\n\t\t\t<h2 class=\"box-title\">Archivo de las declaraciones presentadas por declarante<\/h2>\r\n\t\t\t\r\n\t\t<\/div>\r\n\t\t<div class=\"box-content\">\r\n\t\t\tPodremos archivar en la ficha de cada declarante los archivos PDF generados por la Agencia Tributaria de cada declaraci\u00f3n presentada del mismo.\r\n\t\t\t\r\n\t\t<\/div>\r\n\t<\/div>[vc_empty_space height=&#8221;20px&#8221;]<div class=\"iconbox box-icon-new left \">\r\n\t\t<div class=\"box-header\">\r\n\t\t\t<div class=\"box-icon\"><img decoding=\"async\" src=\"https:\/\/www.anteanuevastecnologias.com\/wp-content\/uploads\/2017\/02\/regimen-1.png\" alt=\"R\u00e9gimen estimaci\u00f3n objetiva\" \/><\/div>\r\n\t\t\t<h2 class=\"box-title\">R\u00e9gimen estimaci\u00f3n objetiva<\/h2>\r\n\t\t\t\r\n\t\t<\/div>\r\n\t\t<div class=\"box-content\">\r\n\t\t\tSin necesidad de ning\u00fan programa aparte, podremos calcular los rendimientos de las actividades profesionales en r\u00e9gimen de estimaci\u00f3n objetiva, tanto para el IVA como para el IRPF.\r\n\t\t\t\r\n\t\t<\/div>\r\n\t<\/div>[vc_empty_space height=&#8221;20px&#8221;][\/vc_column][\/vc_row][vc_row][vc_column width=&#8221;1\/3&#8243;][vc_single_image image=&#8221;7485&#8243; img_size=&#8221;full&#8221; alignment=&#8221;center&#8221;][\/vc_column][vc_column width=&#8221;2\/3&#8243;][vc_cta h2=&#8221;Solicita informaci\u00f3n &#8221; h4=&#8221;Nos pondremos en contacto con usted.&#8221; txt_align=&#8221;center&#8221; color=&#8221;black&#8221;]\n<div class=\"wpcf7 no-js\" id=\"wpcf7-f7684-o1\" lang=\"es-ES\" dir=\"ltr\" data-wpcf7-id=\"7684\">\n<div class=\"screen-reader-response\"><p role=\"status\" aria-live=\"polite\" aria-atomic=\"true\"><\/p> <ul><\/ul><\/div>\n<form action=\"\/en\/wp-json\/wp\/v2\/pages\/7484#wpcf7-f7684-o1\" method=\"post\" class=\"wpcf7-form init\" aria-label=\"Formulario de contacto\" novalidate=\"novalidate\" data-status=\"init\">\n<fieldset class=\"hidden-fields-container\"><input type=\"hidden\" name=\"_wpcf7\" value=\"7684\" \/><input type=\"hidden\" name=\"_wpcf7_version\" value=\"6.1.3\" \/><input type=\"hidden\" name=\"_wpcf7_locale\" value=\"es_ES\" \/><input type=\"hidden\" name=\"_wpcf7_unit_tag\" value=\"wpcf7-f7684-o1\" \/><input type=\"hidden\" name=\"_wpcf7_container_post\" value=\"0\" \/><input type=\"hidden\" name=\"_wpcf7_posted_data_hash\" value=\"\" \/><input type=\"hidden\" name=\"_wpcf7dtx_version\" value=\"5.0.3\" \/>\n<\/fieldset>\n<p><label> Nombre*<br \/>\n<span class=\"wpcf7-form-control-wrap\" data-name=\"your-name\"><input size=\"40\" maxlength=\"400\" class=\"wpcf7-form-control wpcf7-text wpcf7-validates-as-required\" aria-required=\"true\" aria-invalid=\"false\" value=\"\" type=\"text\" name=\"your-name\" \/><\/span> <\/label><br \/>\n<label> Tel\u00e9fono *<br \/>\n<span class=\"wpcf7-form-control-wrap\" data-name=\"tel-809\"><input size=\"40\" maxlength=\"400\" class=\"wpcf7-form-control wpcf7-tel wpcf7-validates-as-required wpcf7-text wpcf7-validates-as-tel\" aria-required=\"true\" aria-invalid=\"false\" value=\"\" type=\"tel\" name=\"tel-809\" \/><\/span><\/label>\n<\/p>\n<p><label> Tu correo electr\u00f3nico *<br \/>\n<span class=\"wpcf7-form-control-wrap\" data-name=\"your-email\"><input size=\"40\" maxlength=\"400\" class=\"wpcf7-form-control wpcf7-email wpcf7-validates-as-required wpcf7-text wpcf7-validates-as-email\" aria-required=\"true\" aria-invalid=\"false\" value=\"\" type=\"email\" name=\"your-email\" \/><\/span> <\/label>\n<\/p>\n<p><label> Mensaje<br \/>\n<span class=\"wpcf7-form-control-wrap\" data-name=\"your-message\"><textarea cols=\"40\" rows=\"10\" maxlength=\"2000\" class=\"wpcf7-form-control wpcf7-textarea\" aria-invalid=\"false\" name=\"your-message\"><\/textarea><\/span> <\/label>\n<\/p>\n<p><input class=\"wpcf7-form-control wpcf7-submit has-spinner\" type=\"submit\" value=\"Enviar\" \/>\n<\/p><p style=\"display: none !important;\" class=\"akismet-fields-container\" data-prefix=\"_wpcf7_ak_\"><label>&#916;<textarea name=\"_wpcf7_ak_hp_textarea\" cols=\"45\" rows=\"8\" maxlength=\"100\"><\/textarea><\/label><input type=\"hidden\" id=\"ak_js_1\" name=\"_wpcf7_ak_js\" value=\"127\"\/><script>document.getElementById( \"ak_js_1\" ).setAttribute( \"value\", ( new Date() ).getTime() );<\/script><\/p><div class=\"wpcf7-response-output\" aria-hidden=\"true\"><\/div>\n<\/form>\n<\/div>\n[\/vc_cta][\/vc_column][\/vc_row]<\/p>\n","protected":false},"excerpt":{"rendered":"<p>[vc_row][vc_column][vc_empty_space height=&#8221;22px&#8221;][vc_column_text] Laboral Fiscal Contable Facturaci\u00f3n CAE SPP Medidor de Calidad Registro Horario [\/vc_column_text][\/vc_column][\/vc_row][vc_row][vc_column width=&#8221;1\/3&#8243;][\/vc_column][vc_column width=&#8221;1\/3&#8243;][vc_column_text] \u00a0Antea\u00a0Fiscal [\/vc_column_text][\/vc_column][vc_column width=&#8221;1\/3&#8243;][\/vc_column][\/vc_row][vc_row][vc_column width=&#8221;1\/3&#8243; el_class=&#8221;box-up1&#8243;][vc_single_image image=&#8221;7485&#8243; img_size=&#8221;full&#8221; alignment=&#8221;center&#8221;][vc_raw_html]JTNDZGl2JTIwY2xhc3MlM0QlMjJib3gtcGFyZW50LWJ1dHRvbnMlMjBiaWclMjIlM0UlMEElM0NwJTNFJTNDc3BhbiUzRTQwMCVFMiU4MiVBQyUzQ3NwYW4lMjBzdHlsZSUzRCUyMmZvbnQtc2l6ZSUzQTAuNmVtJTNCJTIyJTNFJTJGYSVDMyVCMW8lM0MlMkZzcGFuJTNFJTNDJTJGc3BhbiUzRSUzQ3NwYW4lMjBjbGFzcyUzRCUyMnNwYW5QcmVjaW9NZW5zdWFsJTIyJTNFLTIwJTI1JTIwZGUlMjBkZXNjdWVudG8lMjBoYXN0YSUyMGVsJTIwMzElMjBkZSUyME1hcnpvJTNDJTJGc3BhbiUzRSUzQyUyRnAlM0UlMEElM0NhJTIwY2xhc3MlM0QlMjJ0ZXh0LXZlci1wcmVjaW9zJTIwZmlzY2FsJTIyJTIwaHJlZiUzRCUyMiUyRmRlc2Nhcmdhci1kZW1vJTIyJTNFJTNDc3BhbiUzRSVDMiVBMVBydSVDMyVBOWJhbG8lMjElM0MlMkZzcGFuJTNFJTNDc3BhbiUzRTMwJTIwZCVDMyVBRGFzJTIwZ3JhdGlzJTNDJTJGc3BhbiUzRSUzQyUyRmElM0UlMEElM0MlMkZkaXYlM0U=[\/vc_raw_html][\/vc_column][vc_column width=&#8221;1\/3&#8243;][vc_column_text]Caracter\u00edsticas[\/vc_column_text][vc_column_text] De f\u00e1cil manejo, orientado a [&hellip;]<\/p>\n","protected":false},"author":1,"featured_media":7485,"parent":7434,"menu_order":0,"comment_status":"closed","ping_status":"closed","template":"tpl\/page_fullwidth.php","meta":{"footnotes":""},"class_list":["post-7484","page","type-page","status-publish","has-post-thumbnail","hentry"],"_links":{"self":[{"href":"https:\/\/www.anteanuevastecnologias.com\/en\/wp-json\/wp\/v2\/pages\/7484","targetHints":{"allow":["GET"]}}],"collection":[{"href":"https:\/\/www.anteanuevastecnologias.com\/en\/wp-json\/wp\/v2\/pages"}],"about":[{"href":"https:\/\/www.anteanuevastecnologias.com\/en\/wp-json\/wp\/v2\/types\/page"}],"author":[{"embeddable":true,"href":"https:\/\/www.anteanuevastecnologias.com\/en\/wp-json\/wp\/v2\/users\/1"}],"replies":[{"embeddable":true,"href":"https:\/\/www.anteanuevastecnologias.com\/en\/wp-json\/wp\/v2\/comments?post=7484"}],"version-history":[{"count":36,"href":"https:\/\/www.anteanuevastecnologias.com\/en\/wp-json\/wp\/v2\/pages\/7484\/revisions"}],"predecessor-version":[{"id":9450,"href":"https:\/\/www.anteanuevastecnologias.com\/en\/wp-json\/wp\/v2\/pages\/7484\/revisions\/9450"}],"up":[{"embeddable":true,"href":"https:\/\/www.anteanuevastecnologias.com\/en\/wp-json\/wp\/v2\/pages\/7434"}],"wp:featuredmedia":[{"embeddable":true,"href":"https:\/\/www.anteanuevastecnologias.com\/en\/wp-json\/wp\/v2\/media\/7485"}],"wp:attachment":[{"href":"https:\/\/www.anteanuevastecnologias.com\/en\/wp-json\/wp\/v2\/media?parent=7484"}],"curies":[{"name":"wp","href":"https:\/\/api.w.org\/{rel}","templated":true}]}}