{"id":8700,"date":"2018-06-26T12:53:53","date_gmt":"2018-06-26T12:53:53","guid":{"rendered":"http:\/\/www.anteanuevastecnologias.com\/?page_id=8700"},"modified":"2018-06-26T12:53:53","modified_gmt":"2018-06-26T12:53:53","slug":"proteccion-datos","status":"publish","type":"page","link":"https:\/\/www.anteanuevastecnologias.com\/ca\/proteccion-datos\/","title":{"rendered":"Protecci\u00f3n de Datos"},"content":{"rendered":"<h3>[vc_row][vc_column]<div class=\"title-section  style1\">\r\n\t\t<h1 class=\"title\">\r\n\t\t\tProtecci\u00f3n de Datos\t\t\t\r\n\t\t<\/h1>\t\t\r\n\t\t\r\n\r\n\t<\/div>[vc_column_text]<\/h3>\n<h2>Protecci\u00f3n de Datos de Car\u00e1cter Personal<\/h2>\n<p><strong>ANTEA<\/strong> es consciente de la importancia de la privacidad de los datos de car\u00e1cter personal y por ello, ha implementado una pol\u00edtica de tratamiento de datos orientada a promover la m\u00e1xima seguridad en el uso y recogida de los mismos, garantizando el cumplimiento de la normativa vigente en la materia y configurando dicha pol\u00edtica como uno de los pilares b\u00e1sicos en las l\u00edneas de actuaci\u00f3n de la entidad.<\/p>\n<p>Durante la navegaci\u00f3n a trav\u00e9s de la web <a href=\"http:\/\/www.anteanuevastecnologias.com\">www.anteanuevastecnologias.com<\/a> es posible que se soliciten datos de car\u00e1cter personal a trav\u00e9s de diferentes formularios dispuestos al efecto. Dichos datos formar\u00e1n parte de los pertinentes\u00a0 tratamientos en funci\u00f3n de la finalidad determinada y concreta que motiva el recabo de los mismos. En este caso la finalidad es la comunicaci\u00f3n con usted como cliente o responder a la petici\u00f3n de informaci\u00f3n solicitada.<\/p>\n<p>De esta forma, la informaci\u00f3n particular de cada tratamiento de datos se aportar\u00e1 junto a los formularios web, siendo com\u00fan a todos ellos el responsable del fichero(en adelante): <strong>ANTEA .<\/strong><\/p>\n<p>Para el ejercicio de sus derechos y libertades se centraliza la documentaci\u00f3n en ANTEA NUEVAS TECNOLOGIAS,\u00a0\u00a0 CIF:\u00a0 B-86549128, con domicilio social en en C\/GOYA, 47, 2C (MADRID), como el lugar espec\u00edfico y forma de ejercicio de los derechos de acceso, rectificaci\u00f3n, cancelaci\u00f3n , supresi\u00f3n, limitaci\u00f3n y portabilidad de los datos que deber\u00e1 formalizarse mediante una comunicaci\u00f3n escrita a la direcci\u00f3n indicada anteriormente incluyendo copia del DNI o documento identificativo equivalente. Contamos con un delegado de protecci\u00f3n de datos que atender\u00e1 sus consultas en el mail protecciondedatos@anteaspa.es<\/p>\n<p>En el supuesto de que aporte sus datos a trav\u00e9s de un mensaje de correo electr\u00f3nico, el mismo formar\u00e1 parte de un tratamiento cuya finalidad ser\u00e1 la gesti\u00f3n de la solicitud o comentario que nos realiza, siendo aplicables el resto de extremos indicados en el p\u00e1rrafo anterior.<\/p>\n<p>Por otro lado, <strong>ANTEA<\/strong> ha implantado las medidas t\u00e9cnicas y organizativas necesarias para evitar la p\u00e9rdida, mal uso, alteraci\u00f3n, acceso no autorizado y robo de los Datos Personales que los interesados pudieran facilitar como consecuencia del acceso a las diferentes secciones del Website <a href=\"http:\/\/www.anteanuevastecnologias.com\">www.anteanuevastecnologias.com<\/a> aplicando las medidas de seguridad contempladas en el Reglamento General de Protecci\u00f3n de datos y las recomendaciones de la Autoridad de Control.<\/p>\n<p><img loading=\"lazy\" decoding=\"async\" class=\"alignnone size-full wp-image-8703\" src=\"http:\/\/www.anteanuevastecnologias.com\/wp-content\/uploads\/2018\/06\/imagen-nuevas-tecnologias.png\" alt=\"\" width=\"949\" height=\"424\" srcset=\"https:\/\/www.anteanuevastecnologias.com\/wp-content\/uploads\/2018\/06\/imagen-nuevas-tecnologias.png 949w, https:\/\/www.anteanuevastecnologias.com\/wp-content\/uploads\/2018\/06\/imagen-nuevas-tecnologias-300x134.png 300w, https:\/\/www.anteanuevastecnologias.com\/wp-content\/uploads\/2018\/06\/imagen-nuevas-tecnologias-768x343.png 768w\" sizes=\"auto, (max-width: 949px) 100vw, 949px\" \/><\/p>\n<p><strong>Uso compartido de datos personales con terceros<\/strong><\/p>\n<p>Sus datos no son compartidos con terceros salvo en los casos que legalmente es exigible, es decir, solo se comparten con las autoridades de control o administraciones p\u00fablicas.<\/p>\n<p><strong>Derechos<\/strong><\/p>\n<p>Una vez que nos proporcione sus datos personales, podr\u00e1 ejercer sus derechos en todo momento. Tiene derecho a acceder, rectificar y suprimir, limitar el tratamiento y oponerse al tratamiento de sus datos, puede ejercitar sus derechos en ANTEA NUEVAS TECNOLOGIAS C\/ Goya 47, 2C (Madrid) o mediante un mail a protecciondedatos@anteaspa.es<\/p>\n<p><strong>ANTEA<\/strong> se toma la privacidad\u00a0 muy en serio, y se esfuerza por la transparencia en todos los aspectos relacionados con los datos personales. Si desea configurar las cookies adjuntamos los enlaces correspondientes a cada navegador.Rogamos consulte la pol\u00edtica de cookies de nuestra web para obtener m\u00e1s informaci\u00f3n.<\/p>\n<p>Puede encontrar m\u00e1s informaci\u00f3n sobre c\u00f3mo cambiar la configuraci\u00f3n de las cookies en el explorador que utiliza en la siguiente lista:<\/p>\n<p><a href=\"https:\/\/www.google.com\/intl\/en\/policies\/technologies\/managing\/\">https:\/\/www.google.com\/intl\/en\/policies\/technologies\/managing\/<\/a><br \/>\n<a href=\"http:\/\/support.mozilla.com\/en-GB\/kb\/Cookies#w_cookie-settings\">http:\/\/support.mozilla.com\/en-GB\/kb\/Cookies#w_cookie-settings<\/a><br \/>\n<a href=\"http:\/\/windows.microsoft.com\/en-GB\/windows-vista\/Block-or-allow-cookies\">http:\/\/windows.microsoft.com\/en-GB\/windows-vista\/Block-or-allow-cookies<\/a><br \/>\n<a href=\"http:\/\/www.apple.com\/safari\/features.html#security\">http:\/\/www.apple.com\/safari\/features.html#security<\/a><\/p>\n<p><strong>Redes sociales:<\/strong><\/p>\n<p>Los datos de redes sociales no se vinculan ni se comparten bajo ninguna circunstancia<strong>.<\/strong><\/p>\n<p><strong>Enlaces a otros sitios web<\/strong><\/p>\n<p>Durante su navegaci\u00f3n, puede que encuentre enlaces a otros sitios web\u00a0 que se ofrecen para su comodidad, ampliaci\u00f3n de conocimientos e informaci\u00f3n. Estos sitios web pueden operar de forma independiente a <strong>ANTEA<\/strong> y pueden disponer de sus propios avisos, declaraciones y pol\u00edticas de privacidad. Le recomendamos encarecidamente que los consulte para conocer c\u00f3mo se tratar\u00e1n sus datos personales en esos sitios, ya que no somos responsables del contenido de los sitios que no sean propiedad de <strong>ANTEA<\/strong>\u00a0 ni gestionados por nosotros ni de las pr\u00e1cticas de uso o privacidad de estos sitios.<\/p>\n<p><strong>Cloud y Servidores:<\/strong><\/p>\n<p>Puede que <strong>ANTEA<\/strong> almacene sus datos personales en la nube. Esto significa que sus datos personales pueden procesarse en nombre de <strong>ANTEA<\/strong> por un proveedor de servicios en la nube y almacenarse en diferentes ubicaciones de la Uni\u00f3n Europea. <strong>ANTEA <\/strong>utiliza medidas organizativas y contractuales para proteger sus datos personales e imponer requisitos similares, y en ning\u00fan caso menos restrictivos, a nuestros proveedores de servicios en la nube. Entre otros, uno de estos requisitos consiste en que sus datos personales se procesen exclusivamente para los fines mencionados anteriormente.<\/p>\n<p><strong>Protecci\u00f3n de la informaci\u00f3n:<\/strong><br \/>\n<strong>ANTEA<\/strong> utiliza distintas tecnolog\u00edas de seguridad y procedimientos organizativos para proteger sus datos personales. Por ejemplo, implementamos controles de acceso, utilizamos cortafuegos y servidores seguros, y ciframos determinados tipos de datos como datos confidenciales. Todos los trabajadores estan instruidos en materia de protecci\u00f3n de datos personales y son auditados a este respecto.<\/p>\n<p><strong>Cambios en este Aviso de privacidad:<\/strong><br \/>\n<strong>ANTEA <\/strong>se reserva el derecho de modificar este Aviso de privacidad o de realizar adiciones peri\u00f3dicamente, y publicaremos todas las revisiones importantes en nuestros sitios web.<\/p>\n<p>Publicaremos un aviso destacado en nuestra p\u00e1gina del aviso de privacidad para notificarle cualquier cambio significativo en este Aviso de privacidad, e indicaremos en la parte superior del aviso la fecha de actualizaci\u00f3n m\u00e1s reciente. Le recomendamos que consulte el sitio con frecuencia para revisar la versi\u00f3n m\u00e1s reciente.<\/p>\n","protected":false},"excerpt":{"rendered":"<p>[vc_row][vc_column][vc_column_text] Protecci\u00f3n de Datos de Car\u00e1cter Personal ANTEA es consciente de la importancia de la privacidad de los datos de car\u00e1cter personal y por ello, ha implementado una pol\u00edtica de [&hellip;]<\/p>\n","protected":false},"author":1,"featured_media":0,"parent":0,"menu_order":0,"comment_status":"closed","ping_status":"closed","template":"tpl\/one-page.php","meta":{"footnotes":""},"class_list":["post-8700","page","type-page","status-publish","hentry"],"_links":{"self":[{"href":"https:\/\/www.anteanuevastecnologias.com\/ca\/wp-json\/wp\/v2\/pages\/8700","targetHints":{"allow":["GET"]}}],"collection":[{"href":"https:\/\/www.anteanuevastecnologias.com\/ca\/wp-json\/wp\/v2\/pages"}],"about":[{"href":"https:\/\/www.anteanuevastecnologias.com\/ca\/wp-json\/wp\/v2\/types\/page"}],"author":[{"embeddable":true,"href":"https:\/\/www.anteanuevastecnologias.com\/ca\/wp-json\/wp\/v2\/users\/1"}],"replies":[{"embeddable":true,"href":"https:\/\/www.anteanuevastecnologias.com\/ca\/wp-json\/wp\/v2\/comments?post=8700"}],"version-history":[{"count":3,"href":"https:\/\/www.anteanuevastecnologias.com\/ca\/wp-json\/wp\/v2\/pages\/8700\/revisions"}],"predecessor-version":[{"id":8704,"href":"https:\/\/www.anteanuevastecnologias.com\/ca\/wp-json\/wp\/v2\/pages\/8700\/revisions\/8704"}],"wp:attachment":[{"href":"https:\/\/www.anteanuevastecnologias.com\/ca\/wp-json\/wp\/v2\/media?parent=8700"}],"curies":[{"name":"wp","href":"https:\/\/api.w.org\/{rel}","templated":true}]}}