{"id":7891,"date":"2017-05-16T12:28:46","date_gmt":"2017-05-16T12:28:46","guid":{"rendered":"http:\/\/www.anteanuevastecnologias.com\/?page_id=7891"},"modified":"2017-05-24T14:03:52","modified_gmt":"2017-05-24T14:03:52","slug":"descargar-demo","status":"publish","type":"page","link":"https:\/\/www.anteanuevastecnologias.com\/ca\/descargar-demo\/","title":{"rendered":"Descargar demo"},"content":{"rendered":"<p>[vc_row][vc_column]<div class=\"title-section  style2\">\r\n\t\t<h1 class=\"title\">\r\n\t\t\tDescargar demo\t\t\t\r\n\t\t<\/h1>\t\t\r\n\t\t\r\n\r\n\t<\/div>[vc_empty_space height=&#8221;45px&#8221;][\/vc_column][\/vc_row][vc_row][vc_column width=&#8221;1\/2&#8243;][vc_column_text]<span style=\"font-size: 16px;\">Descargue nuestra versi\u00f3n DEMO de 30 d\u00edas del Paquete Integral (Laboral, Contable, Fiscal, Facturacion).<\/span>[\/vc_column_text]\n<div class=\"wpcf7 no-js\" id=\"wpcf7-f7863-o1\" lang=\"es-ES\" dir=\"ltr\" data-wpcf7-id=\"7863\">\n<div class=\"screen-reader-response\"><p role=\"status\" aria-live=\"polite\" aria-atomic=\"true\"><\/p> <ul><\/ul><\/div>\n<form action=\"\/ca\/wp-json\/wp\/v2\/pages\/7891#wpcf7-f7863-o1\" method=\"post\" class=\"wpcf7-form init\" aria-label=\"Formulario de contacto\" novalidate=\"novalidate\" data-status=\"init\">\n<fieldset class=\"hidden-fields-container\"><input type=\"hidden\" name=\"_wpcf7\" value=\"7863\" \/><input type=\"hidden\" name=\"_wpcf7_version\" value=\"6.1.3\" \/><input type=\"hidden\" name=\"_wpcf7_locale\" value=\"es_ES\" \/><input type=\"hidden\" name=\"_wpcf7_unit_tag\" value=\"wpcf7-f7863-o1\" \/><input type=\"hidden\" name=\"_wpcf7_container_post\" value=\"0\" \/><input type=\"hidden\" name=\"_wpcf7_posted_data_hash\" value=\"\" \/><input type=\"hidden\" name=\"_wpcf7dtx_version\" value=\"5.0.3\" \/>\n<\/fieldset>\n<p><label> Nombre (requerido)<br \/>\n<span class=\"wpcf7-form-control-wrap\" data-name=\"your-name\"><input size=\"40\" maxlength=\"400\" class=\"wpcf7-form-control wpcf7-text wpcf7-validates-as-required\" aria-required=\"true\" aria-invalid=\"false\" value=\"\" type=\"text\" name=\"your-name\" \/><\/span> <\/label>\n<\/p>\n<p><label> Email (requerido)<br \/>\n<span class=\"wpcf7-form-control-wrap\" data-name=\"your-email\"><input size=\"40\" maxlength=\"400\" class=\"wpcf7-form-control wpcf7-email wpcf7-validates-as-required wpcf7-text wpcf7-validates-as-email\" aria-required=\"true\" aria-invalid=\"false\" value=\"\" type=\"email\" name=\"your-email\" \/><\/span><\/label>\n<\/p>\n<p><label> Tel\u00e9fono contacto<br \/>\n<span class=\"wpcf7-form-control-wrap\" data-name=\"your-telefono\"><input size=\"40\" maxlength=\"400\" class=\"wpcf7-form-control wpcf7-tel wpcf7-validates-as-required wpcf7-text wpcf7-validates-as-tel\" aria-required=\"true\" aria-invalid=\"false\" value=\"\" type=\"tel\" name=\"your-telefono\" \/><\/span> <\/label>\n<\/p>\n<p><label> Empresa<br \/>\n<span class=\"wpcf7-form-control-wrap\" data-name=\"your-empresa\"><input size=\"40\" maxlength=\"400\" class=\"wpcf7-form-control wpcf7-text\" aria-invalid=\"false\" value=\"\" type=\"text\" name=\"your-empresa\" \/><\/span> <\/label>\n<\/p>\n<p><input class=\"wpcf7-form-control wpcf7-submit has-spinner\" type=\"submit\" value=\"Descargar demo\" \/>\n<\/p>\n<span class=\"wpcf7-form-control-wrap download_url\" data-name=\"download_url\"><input type=\"hidden\" name=\"download_url\" id=\"download_url\" class=\"wpcf7-form-control wpcf7-hidden wpcf7dtx wpcf7dtx-hidden\" aria-invalid=\"false\" value=\"Antea Integral Setup 2017 DEMO.zip\"><\/span><p style=\"display: none !important;\" class=\"akismet-fields-container\" data-prefix=\"_wpcf7_ak_\"><label>&#916;<textarea name=\"_wpcf7_ak_hp_textarea\" cols=\"45\" rows=\"8\" maxlength=\"100\"><\/textarea><\/label><input type=\"hidden\" id=\"ak_js_1\" name=\"_wpcf7_ak_js\" value=\"47\"\/><script>document.getElementById( \"ak_js_1\" ).setAttribute( \"value\", ( new Date() ).getTime() );<\/script><\/p><div class=\"wpcf7-response-output\" aria-hidden=\"true\"><\/div>\n<\/form>\n<\/div>\n[\/vc_column][vc_column width=&#8221;1\/2&#8243;][vc_row_inner][vc_column_inner width=&#8221;1\/4&#8243;][vc_single_image image=&#8221;7461&#8243; img_size=&#8221;full&#8221; el_class=&#8221;img-zoom&#8221;][\/vc_column_inner][vc_column_inner width=&#8221;1\/4&#8243;][vc_single_image image=&#8221;7499&#8243; img_size=&#8221;full&#8221; el_class=&#8221;img-zoom&#8221;][\/vc_column_inner][vc_column_inner width=&#8221;1\/4&#8243;][vc_single_image image=&#8221;7485&#8243; img_size=&#8221;full&#8221; el_class=&#8221;img-zoom&#8221;][\/vc_column_inner][vc_column_inner width=&#8221;1\/4&#8243;][vc_single_image image=&#8221;7514&#8243; img_size=&#8221;full&#8221; el_class=&#8221;img-zoom&#8221;][\/vc_column_inner][\/vc_row_inner][vc_row_inner][vc_column_inner el_class=&#8221;box-caracteristicas-descargar&#8221;][vc_column_text]<span style=\"font-size: 18px;\">Pru\u00e9belo gratis durante 30 d\u00edas<\/span><\/p>\n<p><span style=\"font-size: 18px;\">Sin l\u00edmites de funcionalidad<\/span><\/p>\n<p><span style=\"font-size: 18px;\">Un \u00fanico instalador para todo el paquete integral<\/span><\/p>\n<p><span style=\"font-size: 18px;\">Contacte con nosotros para comprar nuestros productos<\/span>[\/vc_column_text][\/vc_column_inner][\/vc_row_inner][\/vc_column][\/vc_row][vc_row][vc_column][vc_column_text]<\/p>\n<p style=\"text-align: center;\">P\u00f3ngase en contacto con nuestro soporte para cualquier problema en la instalaci\u00f3n, llam\u00e1ndonos al <a href=\"tel:902999550\"><strong>902 999 550<\/strong><\/a> o bien escribi\u00e9ndonos a la direcci\u00f3n de correo: <a href=\"mailto:soporte@anteanuevastecnologias.com\">soporte@anteanuevastecnologias.com<\/a><\/p>\n<p style=\"text-align: center; margin-top: -1em;\">Un equipo t\u00e9cnico le podr\u00e1 asistir de forma remota. Tenga a mano su ID de TeamViewer o dir\u00edjase a la web <a href=\"http:\/\/www.teamviewer.com\">www.teamviewer.com<\/a> para poder obtenerlo gratuitamente.<a href=\"https:\/\/www.teamviewer.com\/es\/\"><img decoding=\"async\" style=\"width: 2em; margin-left: 0.5em;\" title=\"Web oficial de TeamViewer\" src=\"\/wp-content\/uploads\/2017\/05\/teamViewer.png\" \/><\/a><\/p>\n<p>[\/vc_column_text][vc_separator color=&#8221;custom&#8221; border_width=&#8221;2&#8243; css_animation=&#8221;appear&#8221; accent_color=&#8221;#6699cc&#8221;][\/vc_column][\/vc_row][vc_row][vc_column width=&#8221;1\/2&#8243;][vc_column_text]<span style=\"font-size: 18px;\">Manual de instalaci\u00f3n<\/span>[\/vc_column_text][vc_column_text]<span style=\"font-size: 17px;\">Una vez haya descomprimido el fichero descargado &#8220;AnteaIntegralSetup2017DEMO.zip&#8221;, hacer doble clic sobre el ejecutable de instalaci\u00f3n &#8220;AnteaIntegral_Setup.exe&#8221;. Posteriormente, pulsar en la flecha de la esquina inferior derecha.<\/span>[\/vc_column_text][\/vc_column][vc_column width=&#8221;1\/2&#8243;][vc_single_image image=&#8221;8025&#8243; img_size=&#8221;large&#8221;][\/vc_column][\/vc_row][vc_row][vc_column width=&#8221;1\/2&#8243;][vc_column_text]<span style=\"font-size: 17px;\">Seleccione la aplicaci\u00f3n que desee instalar.<\/span>[\/vc_column_text][\/vc_column][vc_column width=&#8221;1\/2&#8243;][vc_single_image image=&#8221;7893&#8243; img_size=&#8221;large&#8221;][\/vc_column][\/vc_row][vc_row][vc_column][vc_column_text]<span style=\"font-size: 16px;\">A continuaci\u00f3n, elegimos el tipo de instalaci\u00f3n que en este caso ser\u00e1 &#8220;Monopuesto&#8221; ya que la instalaci\u00f3n multipuesto no est\u00e1 disponible.<\/span>[\/vc_column_text][\/vc_column][\/vc_row][vc_row][vc_column width=&#8221;1\/2&#8243;][vc_column_text]<span style=\"font-size: 16px;\">El instalador comprobar\u00e1 que tengamos instalados algunos programas necesarios para la aplicaci\u00f3n. En caso de no tenerlos, el mismo instalador se encargar\u00e1 de instalarlos:<\/span><\/p>\n<ul>\n<li><span style=\"font-size: 16px;\">Microsoft SQL Server 2008 Express (necesario para poder ejecutar la base de datos de la aplicaci\u00f3n)<\/span><\/li>\n<li><span style=\"font-size: 16px;\">Microsoft Framework 4.0 (plataforma necesaria para poder ejecutar la aplicaci\u00f3n en un sistema)<\/span><\/li>\n<li><span style=\"font-size: 16px;\">Microsoft Windows Installer 4.5 (requerido para poder instalar SQL Server en equipos que dispongan de Windows XP)<\/span><\/li>\n<\/ul>\n<p>[\/vc_column_text][\/vc_column][vc_column width=&#8221;1\/2&#8243;][vc_single_image image=&#8221;7894&#8243; img_size=&#8221;large&#8221;][\/vc_column][\/vc_row][vc_row][vc_column][vc_column_text]<span style=\"font-size: 17px;\">Deberemos pulsar &#8220;Aceptar&#8221; para indicar que estamos de acuerdo en instalar cada programa requerido.<\/span>[\/vc_column_text][\/vc_column][\/vc_row][vc_row][vc_column width=&#8221;1\/2&#8243;][vc_column_text]<span style=\"font-size: 17px;\">Una vez instalados los requisitos previos, el instalador proceder\u00e1 a instalar la aplicaci\u00f3n en nuestro equipo.<\/span>[\/vc_column_text][\/vc_column][vc_column width=&#8221;1\/2&#8243;][vc_single_image image=&#8221;8027&#8243; img_size=&#8221;large&#8221;][\/vc_column][\/vc_row][vc_row][vc_column][vc_column_text]<\/p>\n<p style=\"text-align: center;\">P\u00f3ngase en contacto con nuestro soporte para cualquier problema en la instalaci\u00f3n, llam\u00e1ndonos al <a href=\"tel:902999550\"><strong>902 999 550<\/strong><\/a> o bien escribi\u00e9ndonos a la direcci\u00f3n de correo: <a href=\"mailto:soporte@anteanuevastecnologias.com\">soporte@anteanuevastecnologias.com<\/a><\/p>\n<p>[\/vc_column_text][vc_empty_space][\/vc_column][\/vc_row][vc_row][vc_column][vc_raw_html]JTNDJTIxLS0lMjBHb29nbGUlMjBDb2RlJTIwZm9yJTIwRm9ybXVsYXJpbyUyMERlc2NhcmdhciUyMERlbW8lMjBDb252ZXJzaW9uJTIwUGFnZSUyMC0tJTNFJTIwJTBBJTNDc2NyaXB0JTIwdHlwZSUzRCUyMnRleHQlMkZqYXZhc2NyaXB0JTIyJTNFJTBBJTJGJTJBJTIwJTNDJTIxJTVCQ0RBVEElNUIlMjAlMkElMkYlMEF2YXIlMjBnb29nbGVfY29udmVyc2lvbl9pZCUyMCUzRCUyMDkzNjAzNjIyMiUzQiUwQXZhciUyMGdvb2dsZV9jb252ZXJzaW9uX2xhbmd1YWdlJTIwJTNEJTIwJTIyZW4lMjIlM0IlMEF2YXIlMjBnb29nbGVfY29udmVyc2lvbl9mb3JtYXQlMjAlM0QlMjAlMjIzJTIyJTNCJTBBdmFyJTIwZ29vZ2xlX2NvbnZlcnNpb25fY29sb3IlMjAlM0QlMjAlMjJmZmZmZmYlMjIlM0IlMEF2YXIlMjBnb29nbGVfY29udmVyc2lvbl9sYWJlbCUyMCUzRCUyMCUyMmEtOUtDSTJjeW5FUV9vNnJ2Z00lMjIlM0IlMEF2YXIlMjBnb29nbGVfcmVtYXJrZXRpbmdfb25seSUyMCUzRCUyMGZhbHNlJTNCJTBBJTJGJTJBJTIwJTVEJTVEJTNFJTIwJTJBJTJGJTBBJTNDJTJGc2NyaXB0JTNFJTBBJTNDc2NyaXB0JTIwdHlwZSUzRCUyMnRleHQlMkZqYXZhc2NyaXB0JTIyJTIwc3JjJTNEJTIyJTJGJTJGd3d3Lmdvb2dsZWFkc2VydmljZXMuY29tJTJGcGFnZWFkJTJGY29udmVyc2lvbi5qcyUyMiUzRSUwQSUzQyUyRnNjcmlwdCUzRSUwQSUzQ25vc2NyaXB0JTNFJTBBJTNDZGl2JTIwc3R5bGUlM0QlMjJkaXNwbGF5JTNBaW5saW5lJTNCJTIyJTNFJTBBJTNDaW1nJTIwaGVpZ2h0JTNEJTIyMSUyMiUyMHdpZHRoJTNEJTIyMSUyMiUyMHN0eWxlJTNEJTIyYm9yZGVyLXN0eWxlJTNBbm9uZSUzQiUyMiUyMGFsdCUzRCUyMiUyMiUyMHNyYyUzRCUyMiUyRiUyRnd3dy5nb29nbGVhZHNlcnZpY2VzLmNvbSUyRnBhZ2VhZCUyRmNvbnZlcnNpb24lMkY5MzYwMzYyMjIlMkYlM0ZsYWJlbCUzRGEtOUtDSTJjeW5FUV9vNnJ2Z00lMjZhbXAlM0JndWlkJTNET04lMjZhbXAlM0JzY3JpcHQlM0QwJTIyJTJGJTNFJTBBJTNDJTJGZGl2JTNFJTBBJTNDJTJGbm9zY3JpcHQlM0UlMEE=[\/vc_raw_html][\/vc_column][\/vc_row]<\/p>\n","protected":false},"excerpt":{"rendered":"<p>[vc_row][vc_column][vc_empty_space height=&#8221;45px&#8221;][\/vc_column][\/vc_row][vc_row][vc_column width=&#8221;1\/2&#8243;][vc_column_text]Descargue nuestra versi\u00f3n DEMO de 30 d\u00edas del Paquete Integral (Laboral, Contable, Fiscal, Facturacion).[\/vc_column_text][\/vc_column][vc_column width=&#8221;1\/2&#8243;][vc_row_inner][vc_column_inner width=&#8221;1\/4&#8243;][vc_single_image image=&#8221;7461&#8243; img_size=&#8221;full&#8221; el_class=&#8221;img-zoom&#8221;][\/vc_column_inner][vc_column_inner width=&#8221;1\/4&#8243;][vc_single_image image=&#8221;7499&#8243; img_size=&#8221;full&#8221; el_class=&#8221;img-zoom&#8221;][\/vc_column_inner][vc_column_inner width=&#8221;1\/4&#8243;][vc_single_image image=&#8221;7485&#8243; img_size=&#8221;full&#8221; el_class=&#8221;img-zoom&#8221;][\/vc_column_inner][vc_column_inner width=&#8221;1\/4&#8243;][vc_single_image [&hellip;]<\/p>\n","protected":false},"author":1,"featured_media":0,"parent":0,"menu_order":0,"comment_status":"closed","ping_status":"closed","template":"tpl\/page_fullwidth.php","meta":{"footnotes":""},"class_list":["post-7891","page","type-page","status-publish","hentry"],"_links":{"self":[{"href":"https:\/\/www.anteanuevastecnologias.com\/ca\/wp-json\/wp\/v2\/pages\/7891","targetHints":{"allow":["GET"]}}],"collection":[{"href":"https:\/\/www.anteanuevastecnologias.com\/ca\/wp-json\/wp\/v2\/pages"}],"about":[{"href":"https:\/\/www.anteanuevastecnologias.com\/ca\/wp-json\/wp\/v2\/types\/page"}],"author":[{"embeddable":true,"href":"https:\/\/www.anteanuevastecnologias.com\/ca\/wp-json\/wp\/v2\/users\/1"}],"replies":[{"embeddable":true,"href":"https:\/\/www.anteanuevastecnologias.com\/ca\/wp-json\/wp\/v2\/comments?post=7891"}],"version-history":[{"count":17,"href":"https:\/\/www.anteanuevastecnologias.com\/ca\/wp-json\/wp\/v2\/pages\/7891\/revisions"}],"predecessor-version":[{"id":8107,"href":"https:\/\/www.anteanuevastecnologias.com\/ca\/wp-json\/wp\/v2\/pages\/7891\/revisions\/8107"}],"wp:attachment":[{"href":"https:\/\/www.anteanuevastecnologias.com\/ca\/wp-json\/wp\/v2\/media?parent=7891"}],"curies":[{"name":"wp","href":"https:\/\/api.w.org\/{rel}","templated":true}]}}