{"id":7633,"date":"2017-02-13T12:55:39","date_gmt":"2017-02-13T12:55:39","guid":{"rendered":"http:\/\/www.anteanuevastecnologias.com\/AnteaNTPruebas\/?page_id=7633"},"modified":"2017-05-22T08:51:19","modified_gmt":"2017-05-22T08:51:19","slug":"antea-cae","status":"publish","type":"page","link":"https:\/\/www.anteanuevastecnologias.com\/ca\/que-ofrecemos\/antea-cae\/","title":{"rendered":"Antea CAE"},"content":{"rendered":"<p>[vc_row][vc_column][vc_empty_space height=&#8221;22px&#8221;][vc_column_text]<\/p>\n<div class=\"box-submenu-programas\">\n<nav>\n<ul>\n<li><a href=\"\/que-ofrecemos\/antea-laboral\/\"><span class=\"box-img-submenu\"><img decoding=\"async\" src=\"\/wp-content\/themes\/consultant\/images\/icono-laboral.png\" \/><\/span><span class=\"sub-menu-text\">Laboral<\/span><\/a><\/li>\n<li><a href=\"\/que-ofrecemos\/antea-fiscal\"><span class=\"box-img-submenu\"><img decoding=\"async\" src=\"\/wp-content\/themes\/consultant\/images\/icono-fiscal.png\" \/><\/span><span class=\"sub-menu-text\">Fiscal<\/span><\/a><\/li>\n<li><a href=\"\/que-ofrecemos\/antea-contable\"><span class=\"box-img-submenu\"><img decoding=\"async\" src=\"\/wp-content\/themes\/consultant\/images\/icono-contable.png\" \/><\/span><span class=\"sub-menu-text\">Contable<\/span><\/a><\/li>\n<li><a href=\"\/que-ofrecemos\/antea-facturacion\"><span class=\"box-img-submenu\"><img decoding=\"async\" src=\"\/wp-content\/themes\/consultant\/images\/icono-facturacion.png\" \/><\/span><span class=\"sub-menu-text\">Facturaci\u00f3n<\/span><\/a><\/li>\n<li><a href=\"\/que-ofrecemos\/antea-cae\"><span class=\"box-img-submenu\"><img decoding=\"async\" src=\"\/wp-content\/themes\/consultant\/images\/icono-cae.png\" \/><\/span><span class=\"sub-menu-text\">CAE<\/span><\/a><\/li>\n<li><a href=\"\/que-ofrecemos\/servicio-de-prevencion-propio\"><span class=\"box-img-submenu\"><img decoding=\"async\" src=\"\/wp-content\/themes\/consultant\/images\/icono-spp.png\" \/><\/span><span class=\"sub-menu-text\">SPP<\/span><\/a><\/li>\n<li><a href=\"\/que-ofrecemos\/medidor-de-calidad\/\"><span class=\"box-img-submenu\"><img decoding=\"async\" src=\"\/wp-content\/uploads\/2016\/08\/icono-medidor.png\" \/><\/span><span class=\"sub-menu-text\">Medidor<\/span><\/a><\/li>\n<\/ul>\n<\/nav>\n<\/div>\n<p>[\/vc_column_text][\/vc_column][\/vc_row][vc_row][vc_column width=&#8221;1\/3&#8243;][\/vc_column][vc_column width=&#8221;1\/3&#8243;][vc_column_text]<\/p>\n<h1><img loading=\"lazy\" decoding=\"async\" class=\"alignnone size-full wp-image-7422\" src=\"http:\/\/www.anteanuevastecnologias.com\/wp-content\/uploads\/2016\/08\/icono-cae.png\" alt=\"\" width=\"70\" height=\"79\" \/>\u00a0<span style=\"font-size: 23px;\">Antea\u00a0CAE<\/span><\/h1>\n<p>[\/vc_column_text][\/vc_column][vc_column width=&#8221;1\/3&#8243;][\/vc_column][\/vc_row][vc_row][vc_column width=&#8221;1\/3&#8243; el_class=&#8221;box-up2&#8243;][vc_single_image image=&#8221;7636&#8243; img_size=&#8221;full&#8221; alignment=&#8221;center&#8221;][vc_raw_html]JTNDZGl2JTIwY2xhc3MlM0QlMjJib3gtcGFyZW50LWJ1dHRvbnMlMjBiaWclMjIlM0UlMEElM0NwJTNFJTNDc3BhbiUzRTIuNTAwJUUyJTgyJUFDJTNDJTJGc3BhbiUzRS01MCUyNSUyMGRlJTIwZGVzY3VlbnRvJTIwaGFzdGElMjBlbCUyMDMxJTIwZGUlMjBKdWxpbyUzQ2JyJTNFJTI4UHJlY2lvJTIwYWRxdWlzaWNpJUMzJUIzbiUyQyUyMG1hbnRlbmltaWVudG8lMjBubyUyMGluY2x1aWRvJTI5JTNDJTJGcCUzRSUwQSUzQ2ElMjBjbGFzcyUzRCUyMnRleHQtdmVyLXByZWNpb3MlMjBjYWUlMjIlMjBocmVmJTNEJTIyJTJGc29saWNpdGFyLWRlbW8tY2FlJTJGJTIyJTNFJTNDc3BhbiUzRVNvbGljaXRhciUyMGRlbW8lM0MlMkZzcGFuJTNFJTNDc3BhbiUzRTMwJTIwZCVDMyVBRGFzJTIwZ3JhdGlzJTNDJTJGc3BhbiUzRSUzQyUyRmElM0UlMEElM0MlMkZkaXYlM0U=[\/vc_raw_html][\/vc_column][vc_column width=&#8221;1\/3&#8243;][vc_column_text]<span style=\"font-size: 16px;\"><em><strong>Caracter\u00edsticas<\/strong><\/em><\/span>[\/vc_column_text][vc_column_text]<span style=\"font-size: 17px;\"><img loading=\"lazy\" decoding=\"async\" class=\"alignnone size-full wp-image-7583\" src=\"http:\/\/www.anteanuevastecnologias.com\/wp-content\/uploads\/2017\/02\/1487005896_Ok.png\" alt=\"\" width=\"24\" height=\"24\" \/>Gesti\u00f3n por actividades, asigne actividades de trabajo para coordinar a sus contratas.<\/span><\/p>\n<p><span style=\"font-size: 17px;\"><img loading=\"lazy\" decoding=\"async\" class=\"alignnone size-full wp-image-7583\" src=\"http:\/\/www.anteanuevastecnologias.com\/wp-content\/uploads\/2017\/02\/1487005896_Ok.png\" alt=\"\" width=\"24\" height=\"24\" \/> Creaci\u00f3n autom\u00e1tica de usuarios, cree una contrata y el sistema autom\u00e1ticamente crear\u00e1 el usuario de acceso y remitir\u00e1 un correo al contratista.<\/span><\/p>\n<p><span style=\"font-size: 17px;\"><img loading=\"lazy\" decoding=\"async\" class=\"alignnone size-full wp-image-7583\" src=\"http:\/\/www.anteanuevastecnologias.com\/wp-content\/uploads\/2017\/02\/1487005896_Ok.png\" alt=\"\" width=\"24\" height=\"24\" \/>\u00a0Autorizaciones, con un click consulte el listado de trabajadores y veh\u00edculos autorizados para acceder al centro de trabajo.<\/span>[\/vc_column_text][\/vc_column][vc_column width=&#8221;1\/3&#8243;][vc_empty_space height=&#8221;52px&#8221;][vc_column_text]<span style=\"font-size: 17px;\"><img loading=\"lazy\" decoding=\"async\" class=\"alignnone size-full wp-image-7583\" src=\"http:\/\/www.anteanuevastecnologias.com\/wp-content\/uploads\/2017\/02\/1487005896_Ok.png\" alt=\"\" width=\"24\" height=\"24\" \/>Avisos y notificaciones, la aplicaci\u00f3n avisar\u00e1 con antelaci\u00f3n de los documentos pr\u00f3ximos a expirar, v\u00eda correo electr\u00f3nico y con advertencias al acceder a tu panel de control del sistema.<\/span><\/p>\n<p><span style=\"font-size: 17px;\"><img loading=\"lazy\" decoding=\"async\" class=\"alignnone size-full wp-image-7583\" src=\"http:\/\/www.anteanuevastecnologias.com\/wp-content\/uploads\/2017\/02\/1487005896_Ok.png\" alt=\"\" width=\"24\" height=\"24\" \/>\u00a0Sin instalaci\u00f3n, con Antea CAE no necesita instalar ning\u00fan programa en tu ordenador, tan solo con\u00e9ctate a nuestra direcci\u00f3n web en la que te pedir\u00e1 tu usuario y clave para acceder al sistema. (<a href=\"http:\/\/www.anteacae.com\">www.anteacae.com<\/a>)<\/span>[\/vc_column_text][\/vc_column][\/vc_row][vc_row][vc_column][vc_column_text el_class=&#8221;title-line&#8221;]<span style=\"font-size: 21px;\"><em><strong>Ventajas<\/strong><\/em><\/span>[\/vc_column_text][vc_separator color=&#8221;custom&#8221; border_width=&#8221;2&#8243; accent_color=&#8221;#ce4c67&#8243;][\/vc_column][\/vc_row][vc_row][vc_column width=&#8221;1\/2&#8243;]<div class=\"iconbox box-icon-new left \">\r\n\t\t<div class=\"box-header\">\r\n\t\t\t<div class=\"box-icon\"><img decoding=\"async\" src=\"https:\/\/www.anteanuevastecnologias.com\/wp-content\/uploads\/2017\/02\/avisos.png\" alt=\"Avisos y notificaciones\" \/><\/div>\r\n\t\t\t<h2 class=\"box-title\">Avisos y notificaciones<\/h2>\r\n\t\t\t\r\n\t\t<\/div>\r\n\t\t<div class=\"box-content\">\r\n\t\t\tLa aplicaci\u00f3n avisar\u00e1 con antelaci\u00f3n de los documentos pr\u00f3ximos a expirar, v\u00eda correo electr\u00f3nico y con advertencias al acceder a tu panel de control del sistema. Igualmente podr\u00e1 enviar correos requiriendo la documentaci\u00f3n una vez caducada.\r\n\t\t\t\r\n\t\t<\/div>\r\n\t<\/div>[vc_empty_space height=&#8221;50px&#8221;]<div class=\"iconbox box-icon-new left \">\r\n\t\t<div class=\"box-header\">\r\n\t\t\t<div class=\"box-icon\"><img decoding=\"async\" src=\"https:\/\/www.anteanuevastecnologias.com\/wp-content\/uploads\/2017\/02\/creacion-2.png\" alt=\"Creaci\u00f3n autom\u00e1tica de usuarios\" \/><\/div>\r\n\t\t\t<h2 class=\"box-title\">Creaci\u00f3n autom\u00e1tica de usuarios<\/h2>\r\n\t\t\t\r\n\t\t<\/div>\r\n\t\t<div class=\"box-content\">\r\n\t\t\tCree una contrata y el sistema autom\u00e1ticamente crear\u00e1 el usuario de acceso y remitir\u00e1 un correo al contratista.\r\n\t\t\t\r\n\t\t<\/div>\r\n\t<\/div>[vc_empty_space height=&#8221;50px&#8221;]<div class=\"iconbox box-icon-new left \">\r\n\t\t<div class=\"box-header\">\r\n\t\t\t<div class=\"box-icon\"><img decoding=\"async\" src=\"https:\/\/www.anteanuevastecnologias.com\/wp-content\/uploads\/2017\/02\/aplicacion.png\" alt=\"Aplicaci\u00f3n configurable\" \/><\/div>\r\n\t\t\t<h2 class=\"box-title\">Aplicaci\u00f3n configurable<\/h2>\r\n\t\t\t\r\n\t\t<\/div>\r\n\t\t<div class=\"box-content\">\r\n\t\t\tConfigure los requerimientos por niveles\u00a0y actividad y el sistema establecer\u00e1 autom\u00e1ticamente los documentos requeridos al contratista.\r\n\t\t\t\r\n\t\t<\/div>\r\n\t<\/div>[vc_empty_space][\/vc_column][vc_column width=&#8221;1\/2&#8243;]<div class=\"iconbox box-icon-new left \">\r\n\t\t<div class=\"box-header\">\r\n\t\t\t<div class=\"box-icon\"><img decoding=\"async\" src=\"https:\/\/www.anteanuevastecnologias.com\/wp-content\/uploads\/2017\/02\/carga.png\" alt=\"Menos carga de trabajo\" \/><\/div>\r\n\t\t\t<h2 class=\"box-title\">Menos carga de trabajo<\/h2>\r\n\t\t\t\r\n\t\t<\/div>\r\n\t\t<div class=\"box-content\">\r\n\t\t\tLas subcontratas son las encargadas de dar de alta a los empleados, as\u00ed como de aportar la correspondiente documentaci\u00f3n. La empresa contratista s\u00f3lo valida y consulta.\r\n\t\t\t\r\n\t\t<\/div>\r\n\t<\/div>[vc_empty_space height=&#8221;50px&#8221;]<div class=\"iconbox box-icon-new left \">\r\n\t\t<div class=\"box-header\">\r\n\t\t\t<div class=\"box-icon\"><img decoding=\"async\" src=\"https:\/\/www.anteanuevastecnologias.com\/wp-content\/uploads\/2017\/02\/autorizaciones.png\" alt=\"Autorizaciones\" \/><\/div>\r\n\t\t\t<h2 class=\"box-title\">Autorizaciones<\/h2>\r\n\t\t\t\r\n\t\t<\/div>\r\n\t\t<div class=\"box-content\">\r\n\t\t\tCon un click consulte el listado de trabajadores y veh\u00edculos autorizados para acceder al centro de trabajo.\r\n\t\t\t\r\n\t\t<\/div>\r\n\t<\/div>[vc_empty_space height=&#8221;70px&#8221;]<div class=\"iconbox box-icon-new left \">\r\n\t\t<div class=\"box-header\">\r\n\t\t\t<div class=\"box-icon\"><img decoding=\"async\" src=\"https:\/\/www.anteanuevastecnologias.com\/wp-content\/uploads\/2017\/02\/lectura.png\" alt=\"Lectura aut\u00f3matica\" \/><\/div>\r\n\t\t\t<h2 class=\"box-title\">Lectura aut\u00f3matica<\/h2>\r\n\t\t\t\r\n\t\t<\/div>\r\n\t\t<div class=\"box-content\">\r\n\t\t\tDe documentos oficiales (TC2,ITA)\r\n\t\t\t\r\n\t\t<\/div>\r\n\t<\/div>[vc_empty_space][\/vc_column][\/vc_row][vc_row][vc_column width=&#8221;1\/3&#8243;][vc_single_image image=&#8221;7636&#8243; img_size=&#8221;full&#8221; alignment=&#8221;center&#8221;][\/vc_column][vc_column width=&#8221;2\/3&#8243;][vc_cta h2=&#8221;Solicita informaci\u00f3n &#8221; h4=&#8221;Nos pondremos en contacto con usted.&#8221; txt_align=&#8221;center&#8221; color=&#8221;black&#8221;]\n<div class=\"wpcf7 no-js\" id=\"wpcf7-f7689-o1\" lang=\"es-ES\" dir=\"ltr\" data-wpcf7-id=\"7689\">\n<div class=\"screen-reader-response\"><p role=\"status\" aria-live=\"polite\" aria-atomic=\"true\"><\/p> <ul><\/ul><\/div>\n<form action=\"\/ca\/wp-json\/wp\/v2\/pages\/7633#wpcf7-f7689-o1\" method=\"post\" class=\"wpcf7-form init\" aria-label=\"Formulario de contacto\" novalidate=\"novalidate\" data-status=\"init\">\n<fieldset class=\"hidden-fields-container\"><input type=\"hidden\" name=\"_wpcf7\" value=\"7689\" \/><input type=\"hidden\" name=\"_wpcf7_version\" value=\"6.1.3\" \/><input type=\"hidden\" name=\"_wpcf7_locale\" value=\"es_ES\" \/><input type=\"hidden\" name=\"_wpcf7_unit_tag\" value=\"wpcf7-f7689-o1\" \/><input type=\"hidden\" name=\"_wpcf7_container_post\" value=\"0\" \/><input type=\"hidden\" name=\"_wpcf7_posted_data_hash\" value=\"\" \/><input type=\"hidden\" name=\"_wpcf7dtx_version\" value=\"5.0.3\" \/>\n<\/fieldset>\n<p><label> Nombre*<br \/>\n<span class=\"wpcf7-form-control-wrap\" data-name=\"your-name\"><input size=\"40\" maxlength=\"400\" class=\"wpcf7-form-control wpcf7-text wpcf7-validates-as-required\" aria-required=\"true\" aria-invalid=\"false\" value=\"\" type=\"text\" name=\"your-name\" \/><\/span> <\/label><br \/>\n<label> Tel\u00e9fono *<br \/>\n<span class=\"wpcf7-form-control-wrap\" data-name=\"tel-809\"><input size=\"40\" maxlength=\"400\" class=\"wpcf7-form-control wpcf7-tel wpcf7-validates-as-required wpcf7-text wpcf7-validates-as-tel\" aria-required=\"true\" aria-invalid=\"false\" value=\"\" type=\"tel\" name=\"tel-809\" \/><\/span><\/label>\n<\/p>\n<p><label> Tu correo electr\u00f3nico *<br \/>\n<span class=\"wpcf7-form-control-wrap\" data-name=\"your-email\"><input size=\"40\" maxlength=\"400\" class=\"wpcf7-form-control wpcf7-email wpcf7-validates-as-required wpcf7-text wpcf7-validates-as-email\" aria-required=\"true\" aria-invalid=\"false\" value=\"\" type=\"email\" name=\"your-email\" \/><\/span> <\/label>\n<\/p>\n<p><label> Mensaje<br \/>\n<span class=\"wpcf7-form-control-wrap\" data-name=\"your-message\"><textarea cols=\"40\" rows=\"10\" maxlength=\"2000\" class=\"wpcf7-form-control wpcf7-textarea\" aria-invalid=\"false\" name=\"your-message\"><\/textarea><\/span> <\/label>\n<\/p>\n<p><input class=\"wpcf7-form-control wpcf7-submit has-spinner\" type=\"submit\" value=\"Enviar\" \/>\n<\/p><p style=\"display: none !important;\" class=\"akismet-fields-container\" data-prefix=\"_wpcf7_ak_\"><label>&#916;<textarea name=\"_wpcf7_ak_hp_textarea\" cols=\"45\" rows=\"8\" maxlength=\"100\"><\/textarea><\/label><input type=\"hidden\" id=\"ak_js_1\" name=\"_wpcf7_ak_js\" value=\"26\"\/><script>document.getElementById( \"ak_js_1\" ).setAttribute( \"value\", ( new Date() ).getTime() );<\/script><\/p><div class=\"wpcf7-response-output\" aria-hidden=\"true\"><\/div>\n<\/form>\n<\/div>\n[\/vc_cta][\/vc_column][\/vc_row]<\/p>\n","protected":false},"excerpt":{"rendered":"<p>[vc_row][vc_column][vc_empty_space height=&#8221;22px&#8221;][vc_column_text] Laboral Fiscal Contable Facturaci\u00f3n CAE SPP Medidor [\/vc_column_text][\/vc_column][\/vc_row][vc_row][vc_column width=&#8221;1\/3&#8243;][\/vc_column][vc_column width=&#8221;1\/3&#8243;][vc_column_text] \u00a0Antea\u00a0CAE [\/vc_column_text][\/vc_column][vc_column width=&#8221;1\/3&#8243;][\/vc_column][\/vc_row][vc_row][vc_column width=&#8221;1\/3&#8243; el_class=&#8221;box-up2&#8243;][vc_single_image image=&#8221;7636&#8243; img_size=&#8221;full&#8221; alignment=&#8221;center&#8221;][vc_raw_html]JTNDZGl2JTIwY2xhc3MlM0QlMjJib3gtcGFyZW50LWJ1dHRvbnMlMjBiaWclMjIlM0UlMEElM0NwJTNFJTNDc3BhbiUzRTIuNTAwJUUyJTgyJUFDJTNDJTJGc3BhbiUzRS01MCUyNSUyMGRlJTIwZGVzY3VlbnRvJTIwaGFzdGElMjBlbCUyMDMxJTIwZGUlMjBKdWxpbyUzQ2JyJTNFJTI4UHJlY2lvJTIwYWRxdWlzaWNpJUMzJUIzbiUyQyUyMG1hbnRlbmltaWVudG8lMjBubyUyMGluY2x1aWRvJTI5JTNDJTJGcCUzRSUwQSUzQ2ElMjBjbGFzcyUzRCUyMnRleHQtdmVyLXByZWNpb3MlMjBjYWUlMjIlMjBocmVmJTNEJTIyJTJGc29saWNpdGFyLWRlbW8tY2FlJTJGJTIyJTNFJTNDc3BhbiUzRVNvbGljaXRhciUyMGRlbW8lM0MlMkZzcGFuJTNFJTNDc3BhbiUzRTMwJTIwZCVDMyVBRGFzJTIwZ3JhdGlzJTNDJTJGc3BhbiUzRSUzQyUyRmElM0UlMEElM0MlMkZkaXYlM0U=[\/vc_raw_html][\/vc_column][vc_column width=&#8221;1\/3&#8243;][vc_column_text]Caracter\u00edsticas[\/vc_column_text][vc_column_text]Gesti\u00f3n por actividades, asigne actividades de trabajo para coordinar a [&hellip;]<\/p>\n","protected":false},"author":1,"featured_media":7636,"parent":7434,"menu_order":0,"comment_status":"closed","ping_status":"closed","template":"tpl\/page_fullwidth.php","meta":{"footnotes":""},"class_list":["post-7633","page","type-page","status-publish","has-post-thumbnail","hentry"],"_links":{"self":[{"href":"https:\/\/www.anteanuevastecnologias.com\/ca\/wp-json\/wp\/v2\/pages\/7633","targetHints":{"allow":["GET"]}}],"collection":[{"href":"https:\/\/www.anteanuevastecnologias.com\/ca\/wp-json\/wp\/v2\/pages"}],"about":[{"href":"https:\/\/www.anteanuevastecnologias.com\/ca\/wp-json\/wp\/v2\/types\/page"}],"author":[{"embeddable":true,"href":"https:\/\/www.anteanuevastecnologias.com\/ca\/wp-json\/wp\/v2\/users\/1"}],"replies":[{"embeddable":true,"href":"https:\/\/www.anteanuevastecnologias.com\/ca\/wp-json\/wp\/v2\/comments?post=7633"}],"version-history":[{"count":24,"href":"https:\/\/www.anteanuevastecnologias.com\/ca\/wp-json\/wp\/v2\/pages\/7633\/revisions"}],"predecessor-version":[{"id":7971,"href":"https:\/\/www.anteanuevastecnologias.com\/ca\/wp-json\/wp\/v2\/pages\/7633\/revisions\/7971"}],"up":[{"embeddable":true,"href":"https:\/\/www.anteanuevastecnologias.com\/ca\/wp-json\/wp\/v2\/pages\/7434"}],"wp:featuredmedia":[{"embeddable":true,"href":"https:\/\/www.anteanuevastecnologias.com\/ca\/wp-json\/wp\/v2\/media\/7636"}],"wp:attachment":[{"href":"https:\/\/www.anteanuevastecnologias.com\/ca\/wp-json\/wp\/v2\/media?parent=7633"}],"curies":[{"name":"wp","href":"https:\/\/api.w.org\/{rel}","templated":true}]}}