{"id":7434,"date":"2017-02-10T09:01:03","date_gmt":"2017-02-10T09:01:03","guid":{"rendered":"http:\/\/www.anteanuevastecnologias.com\/AnteaNTPruebas\/?page_id=7434"},"modified":"2019-07-23T11:33:25","modified_gmt":"2019-07-23T11:33:25","slug":"que-ofrecemos","status":"publish","type":"page","link":"https:\/\/www.anteanuevastecnologias.com\/ca\/que-ofrecemos\/","title":{"rendered":"Qu\u00e9 ofrecemos"},"content":{"rendered":"<p>[vc_row][vc_column][vc_empty_space height=&#8221;22px&#8221;]<div class=\"title-section  style2\">\r\n\t\t<h1 class=\"title\">\r\n\t\t\tQu\u00e9 ofrecemos\t\t\t\r\n\t\t<\/h1>\t\t\r\n\t\t\r\n\r\n\t<\/div>[\/vc_column][\/vc_row][vc_row equal_height=&#8221;yes&#8221; parallax_speed=&#8221;4&#8243; parallax_x=&#8221;4&#8243; parallax_y=&#8221;4&#8243; css=&#8221;.vc_custom_1486720739920{background-color: #ffffff !important;}&#8221;][vc_column][vc_column_text]<\/p>\n<div class=\"box-submenu-programas\">\n<nav>\n<ul>\n<li><a href=\"\/que-ofrecemos\/antea-laboral\/\"><span class=\"box-img-submenu\"><img decoding=\"async\" src=\"\/wp-content\/themes\/consultant\/images\/icono-laboral.png\" \/><\/span><span class=\"sub-menu-text\">Laboral<\/span><\/a><\/li>\n<li><a href=\"\/que-ofrecemos\/antea-fiscal\"><span class=\"box-img-submenu\"><img decoding=\"async\" src=\"\/wp-content\/themes\/consultant\/images\/icono-fiscal.png\" \/><\/span><span class=\"sub-menu-text\">Fiscal<\/span><\/a><\/li>\n<li><a href=\"\/que-ofrecemos\/antea-contable\"><span class=\"box-img-submenu\"><img decoding=\"async\" src=\"\/wp-content\/themes\/consultant\/images\/icono-contable.png\" \/><\/span><span class=\"sub-menu-text\">Contable<\/span><\/a><\/li>\n<li><a href=\"\/que-ofrecemos\/antea-facturacion\"><span class=\"box-img-submenu\"><img decoding=\"async\" src=\"\/wp-content\/themes\/consultant\/images\/icono-facturacion.png\" \/><\/span><span class=\"sub-menu-text\">Facturaci\u00f3n<\/span><\/a><\/li>\n<li><a href=\"http:\/\/www.anteacae.com\"><span class=\"box-img-submenu\"><img decoding=\"async\" src=\"\/wp-content\/themes\/consultant\/images\/icono-cae.png\" \/><\/span><span class=\"sub-menu-text\">CAE<\/span><\/a><\/li>\n<li><a href=\"\/que-ofrecemos\/servicio-de-prevencion-propio\"><span class=\"box-img-submenu\"><img decoding=\"async\" src=\"\/wp-content\/themes\/consultant\/images\/icono-spp.png\" \/><\/span><span class=\"sub-menu-text\">SPP<\/span><\/a><\/li>\n<li><a href=\"\/que-ofrecemos\/medidor-de-calidad\/\"><span class=\"box-img-submenu\"><img decoding=\"async\" src=\"\/wp-content\/uploads\/2016\/08\/icono-medidor.png\" \/><\/span><span class=\"sub-menu-text\">Medidor de Calidad<\/span><\/a><\/li>\n<li><a href=\"\/que-ofrecemos\/antea-checkin-registro-horario\/\"><span class=\"box-img-submenu\"><img decoding=\"async\" src=\"\/wp-content\/uploads\/2019\/07\/anteacheckin.png\" \/><\/span><span class=\"sub-menu-text\">Registro Horario<\/span><\/a><\/li>\n<\/ul>\n<\/nav>\n<\/div>\n<p>[\/vc_column_text][\/vc_column][\/vc_row][vc_row][vc_column width=&#8221;1\/3&#8243;][vc_single_image image=&#8221;7426&#8243; img_size=&#8221;full&#8221; alignment=&#8221;center&#8221; onclick=&#8221;custom_link&#8221; link=&#8221;http:\/\/www.anteanuevastecnologias.com\/que-ofrecemos\/antea-laboral\/&#8221;][vc_column_text]<span style=\"font-size: 17px;\"><strong>Antea Laboral<\/strong> es un programa de n\u00f3mina y gesti\u00f3n laboral que permite controlar todo aquello que tiene que ver con los trabajadores de su empresa, incluyendo los procesos de altas ,bajas , c\u00e1lculo de n\u00f3minas, pagos de la Seguridad Social, etc&#8230; <a href=\"antea-laboral\">Saber m\u00e1s<\/a><\/span>[\/vc_column_text][\/vc_column][vc_column width=&#8221;1\/3&#8243;][vc_single_image image=&#8221;7425&#8243; img_size=&#8221;full&#8221; alignment=&#8221;center&#8221; onclick=&#8221;custom_link&#8221; link=&#8221;http:\/\/www.anteanuevastecnologias.com\/que-ofrecemos\/antea-fiscal\/&#8221;][vc_column_text]<span style=\"font-size: 17px;\"><strong>Antea\u00a0Fiscal<\/strong> es un programa dise\u00f1ado para la gesti\u00f3n de todos los impresos referentes al impresos referentes al IVA, IGIC, IRPF, retenciones y operaciones con terceros. Est\u00e1 preparado para empresas y aut\u00f3nomos. (R\u00e9gimen Estimaci\u00f3n Objetiva).<a href=\"antea-fiscal\">Saber m\u00e1s<\/a><\/span>[\/vc_column_text][\/vc_column][vc_column width=&#8221;1\/3&#8243;][vc_single_image image=&#8221;7423&#8243; img_size=&#8221;full&#8221; alignment=&#8221;center&#8221; onclick=&#8221;custom_link&#8221; link=&#8221;http:\/\/www.anteanuevastecnologias.com\/que-ofrecemos\/antea-contable\/&#8221;][vc_column_text]<span style=\"font-size: 17px;\"><strong>Antea Contable<\/strong> es un programa\u00a0de contabilidad, dise\u00f1ado para empresas y aut\u00f3nomos, que simplifica la gesti\u00f3n de los procesos contables y financieros. Podr\u00e1 contabilizar de forma autom\u00e1tica operaciones de compra y venta, conocer la evoluci\u00f3n prevista de la tesorer\u00eda, presentar el modelo 303 de IVA, etc&#8230;<a href=\"antea-contable\">Saber m\u00e1s<\/a><\/span>[\/vc_column_text][\/vc_column][\/vc_row][vc_row][vc_column width=&#8221;1\/3&#8243;][vc_single_image image=&#8221;7424&#8243; img_size=&#8221;full&#8221; alignment=&#8221;center&#8221; onclick=&#8221;custom_link&#8221; link=&#8221;http:\/\/www.anteanuevastecnologias.com\/que-ofrecemos\/antea-facturacion\/&#8221;][vc_column_text]<span style=\"font-size: 17px;\"><strong>Antea Facturaci\u00f3n<\/strong>\u00a0es un programa\u00a0de\u00a0facturaci\u00f3n dise\u00f1ado para facilitar el control de procesos comerciales de su asesor\u00eda o empresa. Desde la emisi\u00f3n de documentos de compra\/venta hasta el control de las situaciones de stock, o la emisi\u00f3n de \u00a0remesas bancarias entre otras operativas.<a href=\"antea-facturacion\">Saber m\u00e1s<\/a><\/span>[\/vc_column_text][\/vc_column][vc_column width=&#8221;1\/3&#8243;][vc_single_image image=&#8221;7422&#8243; img_size=&#8221;full&#8221; alignment=&#8221;center&#8221; onclick=&#8221;custom_link&#8221; link=&#8221;http:\/\/www.anteacae.com&#8221;][vc_column_text]<span style=\"font-size: 17px;\"><strong>Antea CAE<\/strong>\u00a0es una aplicaci\u00f3n web para gestionar y controlar de una forma mucho m\u00e1s r\u00e1pida y eficaz toda la documentaci\u00f3n de la empresa, empleados y m\u00e1quinas que se requiere en las relaciones de subcontrataci\u00f3n. Lo que es conocido como Coordinaci\u00f3n de Actividades Empresariales y es regulado por el R.D 171\/2004.<a href=\"http:\/\/www.anteacae.com\">Saber m\u00e1s<\/a><\/span>[\/vc_column_text][\/vc_column][vc_column width=&#8221;1\/3&#8243;][vc_single_image image=&#8221;7428&#8243; img_size=&#8221;full&#8221; alignment=&#8221;center&#8221; onclick=&#8221;custom_link&#8221; link=&#8221;http:\/\/www.anteanuevastecnologias.com\/que-ofrecemos\/servicio-de-prevencion-propio\/&#8221;][vc_column_text]<span style=\"font-size: 17px;\"><strong>Antea SPP<\/strong>\u00a0es un programa para la gesti\u00f3n eficiente de servicios de prevenci\u00f3n propios. Est\u00e1 compuesto por varios modulos con el objeto de adaptarse a sus necesidades. Considerado como referente en la gesti\u00f3n de prevenci\u00f3n de riesgos laborales.<a href=\"servicio-de-prevencion-propio\">Saber m\u00e1s<\/a><\/span>[\/vc_column_text][\/vc_column][\/vc_row][vc_row][vc_column width=&#8221;1\/3&#8243;][vc_single_image image=&#8221;9387&#8243; img_size=&#8221;full&#8221; alignment=&#8221;center&#8221; onclick=&#8221;custom_link&#8221; link=&#8221;http:\/\/www.anteanuevastecnologias.com\/que-ofrecemos\/antea-checkin-registro-horario\/&#8221;][vc_column_text]<span style=\"font-size: 17px;\"><strong>Antea Checkin (Registro Horario)<\/strong><\/span>\u00a0es un sistema inform\u00e1tico sencillo, eficaz e intuitivo con geolocalizaci\u00f3n que le permite gestionar todas las tareas relacionadas con el registro y control horario de los trabajadores de su empresa. Cumplir\u00e1s la nueva legislaci\u00f3n en vigor desde el 12 de Mayo de 2019.Saber m\u00e1s[\/vc_column_text][\/vc_column][vc_column width=&#8221;1\/3&#8243;][\/vc_column][vc_column width=&#8221;1\/3&#8243;][vc_single_image image=&#8221;7427&#8243; img_size=&#8221;full&#8221; alignment=&#8221;center&#8221; onclick=&#8221;custom_link&#8221; el_class=&#8221;box-image-medidor&#8221; link=&#8221;http:\/\/www.anteanuevastecnologias.com\/que-ofrecemos\/medidor-de-calidad\/&#8221;][vc_column_text]<span style=\"font-size: 17px;\"><strong>Medidor de calidad<\/strong>\u00a0es un software especializado para la identificaci\u00f3n del nivel de satisfacci\u00f3n del cliente en su actividad de negocio.<a href=\"medidor-de-calidad\">Saber m\u00e1s<\/a><\/span>[\/vc_column_text][vc_single_image image=&#8221;7415&#8243; img_size=&#8221;full&#8221; alignment=&#8221;center&#8221;][\/vc_column][\/vc_row]<\/p>\n","protected":false},"excerpt":{"rendered":"<p>[vc_row][vc_column][vc_empty_space height=&#8221;22px&#8221;][\/vc_column][\/vc_row][vc_row equal_height=&#8221;yes&#8221; parallax_speed=&#8221;4&#8243; parallax_x=&#8221;4&#8243; parallax_y=&#8221;4&#8243; css=&#8221;.vc_custom_1486720739920{background-color: #ffffff !important;}&#8221;][vc_column][vc_column_text] Laboral Fiscal Contable Facturaci\u00f3n CAE SPP Medidor de Calidad Registro Horario [\/vc_column_text][\/vc_column][\/vc_row][vc_row][vc_column width=&#8221;1\/3&#8243;][vc_single_image image=&#8221;7426&#8243; img_size=&#8221;full&#8221; alignment=&#8221;center&#8221; onclick=&#8221;custom_link&#8221; link=&#8221;http:\/\/www.anteanuevastecnologias.com\/que-ofrecemos\/antea-laboral\/&#8221;][vc_column_text]Antea Laboral es un [&hellip;]<\/p>\n","protected":false},"author":1,"featured_media":7410,"parent":0,"menu_order":0,"comment_status":"closed","ping_status":"closed","template":"tpl\/page_fullwidth.php","meta":{"footnotes":""},"class_list":["post-7434","page","type-page","status-publish","has-post-thumbnail","hentry"],"_links":{"self":[{"href":"https:\/\/www.anteanuevastecnologias.com\/ca\/wp-json\/wp\/v2\/pages\/7434","targetHints":{"allow":["GET"]}}],"collection":[{"href":"https:\/\/www.anteanuevastecnologias.com\/ca\/wp-json\/wp\/v2\/pages"}],"about":[{"href":"https:\/\/www.anteanuevastecnologias.com\/ca\/wp-json\/wp\/v2\/types\/page"}],"author":[{"embeddable":true,"href":"https:\/\/www.anteanuevastecnologias.com\/ca\/wp-json\/wp\/v2\/users\/1"}],"replies":[{"embeddable":true,"href":"https:\/\/www.anteanuevastecnologias.com\/ca\/wp-json\/wp\/v2\/comments?post=7434"}],"version-history":[{"count":46,"href":"https:\/\/www.anteanuevastecnologias.com\/ca\/wp-json\/wp\/v2\/pages\/7434\/revisions"}],"predecessor-version":[{"id":9461,"href":"https:\/\/www.anteanuevastecnologias.com\/ca\/wp-json\/wp\/v2\/pages\/7434\/revisions\/9461"}],"wp:featuredmedia":[{"embeddable":true,"href":"https:\/\/www.anteanuevastecnologias.com\/ca\/wp-json\/wp\/v2\/media\/7410"}],"wp:attachment":[{"href":"https:\/\/www.anteanuevastecnologias.com\/ca\/wp-json\/wp\/v2\/media?parent=7434"}],"curies":[{"name":"wp","href":"https:\/\/api.w.org\/{rel}","templated":true}]}}