{"id":7,"date":"2016-08-25T04:21:22","date_gmt":"2016-08-25T04:21:22","guid":{"rendered":"http:http:\/\/antea.prevencionriesgoslaborales.net\/http:\/\/antea.prevencionriesgoslaborales.net\/corpthemes.comhttp:\/\/antea.prevencionriesgoslaborales.net\/wordpresshttp:\/\/antea.prevencionriesgoslaborales.net\/consultanthttp:\/\/antea.prevencionriesgoslaborales.n"},"modified":"2017-05-16T14:52:44","modified_gmt":"2017-05-16T14:52:44","slug":"quienes-somos","status":"publish","type":"page","link":"https:\/\/www.anteanuevastecnologias.com\/ca\/quienes-somos\/","title":{"rendered":"Qui\u00e9nes somos"},"content":{"rendered":"<p>[vc_row][vc_column][vc_empty_space]<div class=\"title-section  style2\">\r\n\t\t<h1 class=\"title\">\r\n\t\t\tQui\u00e9nes somos\t\t\t\r\n\t\t<\/h1>\t\t\r\n\t\t\r\n\r\n\t<\/div>[\/vc_column][\/vc_row][vc_row][vc_column width=&#8221;1\/2&#8243;][vc_single_image image=&#8221;7397&#8243; img_size=&#8221;full&#8221; alignment=&#8221;center&#8221;][\/vc_column][vc_column width=&#8221;1\/2&#8243;][vc_empty_space height=&#8221;52px&#8221;][vc_column_text]<span style=\"font-size: 18px;\">Empresa<strong> especializada en el sector de las TIC<\/strong> (Tecnolog\u00edas de la Informaci\u00f3n y Comunicaci\u00f3n) enfocada a asesor\u00edas y empresas.<\/span>[\/vc_column_text][\/vc_column][\/vc_row][vc_row][vc_column width=&#8221;1\/2&#8243;][vc_empty_space][vc_empty_space][vc_column_text]<\/p>\n<h2><strong><span style=\"font-size: 21px;\">Visi\u00f3n<\/span><\/strong><\/h2>\n<p><span style=\"font-size: 18px;\">Queremos convertirnos en la empresa referente en soluciones\u00a0tecnol\u00f3gicas para asesores y empresas.<\/span>[\/vc_column_text][\/vc_column][vc_column width=&#8221;1\/2&#8243;][vc_single_image image=&#8221;7398&#8243; img_size=&#8221;full&#8221; alignment=&#8221;center&#8221;][\/vc_column][\/vc_row][vc_row][vc_column width=&#8221;1\/2&#8243;][vc_single_image image=&#8221;7399&#8243; img_size=&#8221;full&#8221; alignment=&#8221;center&#8221;][\/vc_column][vc_column width=&#8221;1\/2&#8243;][vc_empty_space][vc_empty_space][vc_column_text]<\/p>\n<h2><strong><span style=\"font-size: 21px;\">Misi\u00f3n<\/span><\/strong><\/h2>\n<p><span style=\"font-size: 18px;\">Desarrollar el<strong> software m\u00e1s eficiente<\/strong> para asesores y empresas basados en nuestros 3 valores.<\/span>[\/vc_column_text][\/vc_column][\/vc_row][vc_row][vc_column width=&#8221;1\/2&#8243;][vc_column_text]<\/p>\n<h2><span style=\"font-size: 21px;\"><strong>Valores<\/strong><\/span><\/h2>\n<ul>\n<li><span style=\"font-size: 18px;\"><strong>Calidad<\/strong>: Buscamos la calidad en las soluciones tecnol\u00f3gicas que ofrecemos a nuestros clientes.<\/span><\/li>\n<li><span style=\"font-size: 18px;\"><strong>Confianza<\/strong>: Disponemos de un equipo especializado en tecnolog\u00eda con m\u00e1s de 20 a\u00f1os de experiencia.<\/span><\/li>\n<li><span style=\"font-size: 18px;\"><strong>Compromiso<\/strong>: Nos comprometemos a aportar las soluciones tecnol\u00f3gicas que mejoren su gesti\u00f3n.<\/span><\/li>\n<\/ul>\n<p>[\/vc_column_text][\/vc_column][vc_column width=&#8221;1\/2&#8243;][vc_single_image image=&#8221;7400&#8243; img_size=&#8221;full&#8221; alignment=&#8221;center&#8221;][\/vc_column][\/vc_row][vc_row][vc_column][vc_empty_space][\/vc_column][\/vc_row]<\/p>\n","protected":false},"excerpt":{"rendered":"<p>[vc_row][vc_column][vc_empty_space][\/vc_column][\/vc_row][vc_row][vc_column width=&#8221;1\/2&#8243;][vc_single_image image=&#8221;7397&#8243; img_size=&#8221;full&#8221; alignment=&#8221;center&#8221;][\/vc_column][vc_column width=&#8221;1\/2&#8243;][vc_empty_space height=&#8221;52px&#8221;][vc_column_text]Empresa especializada en el sector de las TIC (Tecnolog\u00edas de la Informaci\u00f3n y Comunicaci\u00f3n) enfocada a asesor\u00edas y empresas.[\/vc_column_text][\/vc_column][\/vc_row][vc_row][vc_column width=&#8221;1\/2&#8243;][vc_empty_space][vc_empty_space][vc_column_text] Visi\u00f3n Queremos convertirnos en [&hellip;]<\/p>\n","protected":false},"author":1,"featured_media":7397,"parent":0,"menu_order":0,"comment_status":"closed","ping_status":"closed","template":"tpl\/page_fullwidth.php","meta":{"footnotes":""},"class_list":["post-7","page","type-page","status-publish","has-post-thumbnail","hentry"],"_links":{"self":[{"href":"https:\/\/www.anteanuevastecnologias.com\/ca\/wp-json\/wp\/v2\/pages\/7","targetHints":{"allow":["GET"]}}],"collection":[{"href":"https:\/\/www.anteanuevastecnologias.com\/ca\/wp-json\/wp\/v2\/pages"}],"about":[{"href":"https:\/\/www.anteanuevastecnologias.com\/ca\/wp-json\/wp\/v2\/types\/page"}],"author":[{"embeddable":true,"href":"https:\/\/www.anteanuevastecnologias.com\/ca\/wp-json\/wp\/v2\/users\/1"}],"replies":[{"embeddable":true,"href":"https:\/\/www.anteanuevastecnologias.com\/ca\/wp-json\/wp\/v2\/comments?post=7"}],"version-history":[{"count":54,"href":"https:\/\/www.anteanuevastecnologias.com\/ca\/wp-json\/wp\/v2\/pages\/7\/revisions"}],"predecessor-version":[{"id":7931,"href":"https:\/\/www.anteanuevastecnologias.com\/ca\/wp-json\/wp\/v2\/pages\/7\/revisions\/7931"}],"wp:featuredmedia":[{"embeddable":true,"href":"https:\/\/www.anteanuevastecnologias.com\/ca\/wp-json\/wp\/v2\/media\/7397"}],"wp:attachment":[{"href":"https:\/\/www.anteanuevastecnologias.com\/ca\/wp-json\/wp\/v2\/media?parent=7"}],"curies":[{"name":"wp","href":"https:\/\/api.w.org\/{rel}","templated":true}]}}