{"id":439,"date":"2016-09-08T06:59:28","date_gmt":"2016-09-08T06:59:28","guid":{"rendered":"http:http:\/\/antea.prevencionriesgoslaborales.net\/http:\/\/antea.prevencionriesgoslaborales.net\/corpthemes.comhttp:\/\/antea.prevencionriesgoslaborales.net\/wordpresshttp:\/\/antea.prevencionriesgoslaborales.net\/consultanthttp:\/\/antea.prevencionriesgoslaborales.n"},"modified":"2017-02-15T17:58:47","modified_gmt":"2017-02-15T17:58:47","slug":"contacto","status":"publish","type":"page","link":"https:\/\/www.anteanuevastecnologias.com\/ca\/contacto\/","title":{"rendered":"Contacto"},"content":{"rendered":"<p>[vc_row][vc_column]<div class=\"title-section  style2\">\r\n\t\t<h1 class=\"title\">\r\n\t\t\tContacto\t\t\t\r\n\t\t<\/h1>\t\t\r\n\t\t\r\n\r\n\t<\/div>[\/vc_column][\/vc_row][vc_row parallax_speed=&#8221;4&#8243; parallax_x=&#8221;4&#8243; parallax_y=&#8221;4&#8243; css=&#8221;.vc_custom_1473319609992{padding-top: 70px !important;padding-bottom: 50px !important;}&#8221;][vc_column width=&#8221;1\/3&#8243;][vc_empty_space height=&#8221;12px&#8221;]\n<div class=\"wpcf7 no-js\" id=\"wpcf7-f7666-o1\" lang=\"es-ES\" dir=\"ltr\" data-wpcf7-id=\"7666\">\n<div class=\"screen-reader-response\"><p role=\"status\" aria-live=\"polite\" aria-atomic=\"true\"><\/p> <ul><\/ul><\/div>\n<form action=\"\/ca\/wp-json\/wp\/v2\/pages\/439#wpcf7-f7666-o1\" method=\"post\" class=\"wpcf7-form init\" aria-label=\"Formulario de contacto\" novalidate=\"novalidate\" data-status=\"init\">\n<fieldset class=\"hidden-fields-container\"><input type=\"hidden\" name=\"_wpcf7\" value=\"7666\" \/><input type=\"hidden\" name=\"_wpcf7_version\" value=\"6.1.3\" \/><input type=\"hidden\" name=\"_wpcf7_locale\" value=\"es_ES\" \/><input type=\"hidden\" name=\"_wpcf7_unit_tag\" value=\"wpcf7-f7666-o1\" \/><input type=\"hidden\" name=\"_wpcf7_container_post\" value=\"0\" \/><input type=\"hidden\" name=\"_wpcf7_posted_data_hash\" value=\"\" \/><input type=\"hidden\" name=\"_wpcf7dtx_version\" value=\"5.0.3\" \/>\n<\/fieldset>\n<p><label> Nombre (requerido)<br \/>\n<span class=\"wpcf7-form-control-wrap\" data-name=\"your-name\"><input size=\"40\" maxlength=\"400\" class=\"wpcf7-form-control wpcf7-text wpcf7-validates-as-required\" aria-required=\"true\" aria-invalid=\"false\" value=\"\" type=\"text\" name=\"your-name\" \/><\/span> <\/label>\n<\/p>\n<p><label> Tu correo electr\u00f3nico (requerido)<br \/>\n<span class=\"wpcf7-form-control-wrap\" data-name=\"your-email\"><input size=\"40\" maxlength=\"400\" class=\"wpcf7-form-control wpcf7-email wpcf7-validates-as-required wpcf7-text wpcf7-validates-as-email\" aria-required=\"true\" aria-invalid=\"false\" value=\"\" type=\"email\" name=\"your-email\" \/><\/span> <\/label>\n<\/p>\n<p><label> Interesado en: <\/label><br \/>\n<span class=\"wpcf7-form-control-wrap\" data-name=\"checkbox-709\"><span class=\"wpcf7-form-control wpcf7-checkbox\"><span class=\"wpcf7-list-item first\"><input type=\"checkbox\" name=\"checkbox-709[]\" value=\"Antea Laboral\" \/><span class=\"wpcf7-list-item-label\">Antea Laboral<\/span><\/span><span class=\"wpcf7-list-item\"><input type=\"checkbox\" name=\"checkbox-709[]\" value=\"Antea Fiscal\" \/><span class=\"wpcf7-list-item-label\">Antea Fiscal<\/span><\/span><span class=\"wpcf7-list-item\"><input type=\"checkbox\" name=\"checkbox-709[]\" value=\"Antea Contable\" \/><span class=\"wpcf7-list-item-label\">Antea Contable<\/span><\/span><span class=\"wpcf7-list-item last\"><input type=\"checkbox\" name=\"checkbox-709[]\" value=\"Antea Facturaci\u00f3n\" \/><span class=\"wpcf7-list-item-label\">Antea Facturaci\u00f3n<\/span><\/span><\/span><\/span>\n<hr \/><br \/>\n<span class=\"wpcf7-form-control-wrap\" data-name=\"checkbox-709\"><span class=\"wpcf7-form-control wpcf7-checkbox\"><span class=\"wpcf7-list-item first\"><input type=\"checkbox\" name=\"checkbox-709[]\" value=\"Antea Cae\" \/><span class=\"wpcf7-list-item-label\">Antea Cae<\/span><\/span><span class=\"wpcf7-list-item\"><input type=\"checkbox\" name=\"checkbox-709[]\" value=\"Antea SPP\" \/><span class=\"wpcf7-list-item-label\">Antea SPP<\/span><\/span><span class=\"wpcf7-list-item\"><input type=\"checkbox\" name=\"checkbox-709[]\" value=\"Medidor de calidad\" \/><span class=\"wpcf7-list-item-label\">Medidor de calidad<\/span><\/span><span class=\"wpcf7-list-item last\"><input type=\"checkbox\" name=\"checkbox-709[]\" value=\"Antea Checkin Registro Horario\" \/><span class=\"wpcf7-list-item-label\">Antea Checkin Registro Horario<\/span><\/span><\/span><\/span>\n<\/p>\n<p><label> Mensaje<br \/>\n<span class=\"wpcf7-form-control-wrap\" data-name=\"your-message\"><textarea cols=\"40\" rows=\"10\" maxlength=\"2000\" class=\"wpcf7-form-control wpcf7-textarea wpcf7-validates-as-required\" aria-required=\"true\" aria-invalid=\"false\" name=\"your-message\"><\/textarea><\/span> <\/label>\n<\/p>\n<p><span class=\"wpcf7-form-control-wrap\" data-name=\"lopd\"><span class=\"wpcf7-form-control wpcf7-acceptance\"><span class=\"wpcf7-list-item\"><input type=\"checkbox\" name=\"lopd\" value=\"1\" aria-invalid=\"false\" \/><\/span><\/span><\/span> He leido y acepto la <a href=\"http:\/\/www.anteanuevastecnologias.com\/proteccion-datos\/\" class=\"lopdaccept\">Pol\u00edtica de privacidad<\/a>\n<\/p>\n<p><input class=\"wpcf7-form-control wpcf7-submit has-spinner\" type=\"submit\" value=\"Enviar\" \/>\n<\/p><p style=\"display: none !important;\" class=\"akismet-fields-container\" data-prefix=\"_wpcf7_ak_\"><label>&#916;<textarea name=\"_wpcf7_ak_hp_textarea\" cols=\"45\" rows=\"8\" maxlength=\"100\"><\/textarea><\/label><input type=\"hidden\" id=\"ak_js_1\" name=\"_wpcf7_ak_js\" value=\"88\"\/><script>document.getElementById( \"ak_js_1\" ).setAttribute( \"value\", ( new Date() ).getTime() );<\/script><\/p><div class=\"wpcf7-response-output\" aria-hidden=\"true\"><\/div>\n<\/form>\n<\/div>\n[vc_empty_space][vc_column_text css_animation=&#8221;none&#8221;]<\/p>\n<h2>Nuestro horario de Atenci\u00f3n al Cliente es:<\/h2>\n<p>\u00b7Lunes \u2013 Jueves:<br \/>\n9:00 \u2013 14:00<br \/>\n16:00 \u2013 19:00<\/p>\n<p>\u00b7Viernes:<br \/>\n8:00 \u2013 15:00[\/vc_column_text][\/vc_column][vc_column width=&#8221;2\/3&#8243; el_class=&#8221;contact-from-style2&#8243;][vc_row_inner][vc_column_inner][vc_single_image image=&#8221;7555&#8243; img_size=&#8221;full&#8221;][\/vc_column_inner][\/vc_row_inner][vc_row_inner][vc_column_inner width=&#8221;1\/3&#8243;]<div class=\"iconbox box-icon-programas  circle\">\r\n\t\t<div class=\"box-header\">\r\n\t\t\t<div class=\"box-icon\"><span class=\"ion-ios-home-outline\"><\/span><\/div>\r\n\t\t\t<h2 class=\"box-title\">Direcci\u00f3n<\/h2>\r\n\t\t\t\r\n\t\t<\/div>\r\n\t\t<div class=\"box-content\">\r\n\t\t\tC\/ Goya n\u00ba 47 Madrid (28001)\r\n\t\t\t\r\n\t\t<\/div>\r\n\t<\/div>[\/vc_column_inner][vc_column_inner width=&#8221;1\/3&#8243;]<div class=\"iconbox box-icon-programas  circle\">\r\n\t\t<div class=\"box-header\">\r\n\t\t\t<div class=\"box-icon\"><span class=\"ion-ios-telephone-outline\"><\/span><\/div>\r\n\t\t\t<h2 class=\"box-title\">Tel\u00e9fono<\/h2>\r\n\t\t\t\r\n\t\t<\/div>\r\n\t\t<div class=\"box-content\">\r\n\t\t\t<a href=\"tel:902 999 550\">902 999 550<\/a>\r\n\t\t\t\r\n\t\t<\/div>\r\n\t<\/div>[\/vc_column_inner][vc_column_inner width=&#8221;1\/3&#8243;]<div class=\"iconbox box-icon-programas  circle\">\r\n\t\t<div class=\"box-header\">\r\n\t\t\t<div class=\"box-icon\"><span class=\"ion-ios-email-outline\"><\/span><\/div>\r\n\t\t\t<h2 class=\"box-title\">Email<\/h2>\r\n\t\t\t\r\n\t\t<\/div>\r\n\t\t<div class=\"box-content\">\r\n\t\t\tsoporte@anteanuevastecnologias.com\r\n\t\t\t\r\n\t\t<\/div>\r\n\t<\/div>[\/vc_column_inner][\/vc_row_inner][vc_empty_space height=&#8221;40px&#8221;][vc_row_inner][vc_column_inner][vc_column_text]<br \/>\nEmpresa<strong> especializada en el sector de las TIC<\/strong> (Tecnolog\u00edas de la Informaci\u00f3n y Comunicaci\u00f3n) enfocada a asesor\u00edas y empresas.<\/p>\n<p>Queremos convertirnos en la empresa referente en soluciones\u00a0tecnol\u00f3gicas para asesores y empresas.<\/p>\n<p>Desarrollar el<strong> software m\u00e1s eficiente<\/strong> para asesores y empresas basados en nuestros 3 valores.<br \/>\n[\/vc_column_text][\/vc_column_inner][\/vc_row_inner][\/vc_column][\/vc_row][vc_row full_width=&#8221;stretch_row_content_no_spaces&#8221; parallax_speed=&#8221;4&#8243; parallax_x=&#8221;4&#8243; parallax_y=&#8221;4&#8243;][vc_column]<div class=\"flat-maps\" data-address=\"C\/ Goya n\u00ba 47 Madrid (28001)\" data-height=\"350\" data-images=\"\" data-name=\"Antea Nuevas Tecnolog\u00edas\">\r\n        <div id=\"map\"><\/div>\r\n    \t<\/div><!-- \/.flat-maps -->[\/vc_column][\/vc_row]<\/p>\n","protected":false},"excerpt":{"rendered":"<p>[vc_row][vc_column][\/vc_column][\/vc_row][vc_row parallax_speed=&#8221;4&#8243; parallax_x=&#8221;4&#8243; parallax_y=&#8221;4&#8243; css=&#8221;.vc_custom_1473319609992{padding-top: 70px !important;padding-bottom: 50px !important;}&#8221;][vc_column width=&#8221;1\/3&#8243;][vc_empty_space height=&#8221;12px&#8221;][vc_empty_space][vc_column_text css_animation=&#8221;none&#8221;] Nuestro horario de Atenci\u00f3n al Cliente es: \u00b7Lunes \u2013 Jueves: 9:00 \u2013 14:00 16:00 \u2013 19:00 \u00b7Viernes: 8:00 [&hellip;]<\/p>\n","protected":false},"author":1,"featured_media":7410,"parent":0,"menu_order":0,"comment_status":"closed","ping_status":"closed","template":"tpl\/page_fullwidth.php","meta":{"footnotes":""},"class_list":["post-439","page","type-page","status-publish","has-post-thumbnail","hentry"],"_links":{"self":[{"href":"https:\/\/www.anteanuevastecnologias.com\/ca\/wp-json\/wp\/v2\/pages\/439","targetHints":{"allow":["GET"]}}],"collection":[{"href":"https:\/\/www.anteanuevastecnologias.com\/ca\/wp-json\/wp\/v2\/pages"}],"about":[{"href":"https:\/\/www.anteanuevastecnologias.com\/ca\/wp-json\/wp\/v2\/types\/page"}],"author":[{"embeddable":true,"href":"https:\/\/www.anteanuevastecnologias.com\/ca\/wp-json\/wp\/v2\/users\/1"}],"replies":[{"embeddable":true,"href":"https:\/\/www.anteanuevastecnologias.com\/ca\/wp-json\/wp\/v2\/comments?post=439"}],"version-history":[{"count":34,"href":"https:\/\/www.anteanuevastecnologias.com\/ca\/wp-json\/wp\/v2\/pages\/439\/revisions"}],"predecessor-version":[{"id":7668,"href":"https:\/\/www.anteanuevastecnologias.com\/ca\/wp-json\/wp\/v2\/pages\/439\/revisions\/7668"}],"wp:featuredmedia":[{"embeddable":true,"href":"https:\/\/www.anteanuevastecnologias.com\/ca\/wp-json\/wp\/v2\/media\/7410"}],"wp:attachment":[{"href":"https:\/\/www.anteanuevastecnologias.com\/ca\/wp-json\/wp\/v2\/media?parent=439"}],"curies":[{"name":"wp","href":"https:\/\/api.w.org\/{rel}","templated":true}]}}